{"id":4719,"date":"2021-09-29T13:51:45","date_gmt":"2021-09-29T11:51:45","guid":{"rendered":"https:\/\/www.chiefslife.com\/fr-eu\/?post_type=product&#038;p=4719"},"modified":"2025-11-30T23:47:38","modified_gmt":"2025-11-30T22:47:38","slug":"strawberry","status":"publish","type":"product","link":"https:\/\/www.chiefslife.com\/fr-eu\/produit\/strawberry\/","title":{"rendered":"Berry Falls"},"content":{"rendered":"<p class=\"p1\">NO ADDED SUGAR: Sans sucres ajout\u00e9s. Contient des sucres naturels.<br \/>\nHIGH PROTEIN: 25 g Protein par bouteille.<br \/>\nCONTAINS BCAAs: BCAAs (= Branched-chain amino acids) 5500 mg\/330ml. Lait contient des acides amin\u00e9s ramifi\u00e9s.<br \/>\nLOWER CARB: 65% de glucides en moins par rapport \u00e0 un produit similaire.<br \/>\nLACTOSE FREE: Sans lactose &lt;0,1 g\/100 ml.<\/p>\n<p>Boisson sans lactose, \u00e0 base de lait (2,2% de mati\u00e8re grasse dans la partie lactique) contenant des prot\u00e9ines lactiques et des \u00e9dulcorants. Fraise. UHT.<\/p>\n<p>Ingr\u00e9dients: 45% LAIT, eau, 7,4% concentr\u00e9 de PROT\u00c9INES LACTIQUES, 2% pur\u00e9e de fraises, stabilisant: gel de cellulose, gomme de cellulose; ar\u00f4mes naturels, acidifiant: phosphate dipotassique; colorant naturel: lycop\u00e8ne; \u00e9dulcorant: sucralose, ac\u00e9sulfame K; sel comestible.<\/p>\n","protected":false},"excerpt":{"rendered":"<p>Berrylicious ! Si tu pr\u00e9f\u00e8res les go\u00fbts fruit\u00e9s, la d\u00e9licieuse version \u00ab Berry Falls \u00bb de nos Protein Drinks est faite pour toi.<\/p>\n<p>&nbsp;<\/p>\n<p>D\u00e9couvre notre nouveau design tout frais, avec le m\u00eame go\u00fbt exceptionnel. Maintenant avec 8 boissons par pack, pour ne jamais manquer de The Good Stuff !<\/p>\n","protected":false},"featured_media":14134,"template":"","meta":{"_acf_changed":false,"inline_featured_image":false},"product_brand":[],"product_cat":[91],"product_tag":[147,82,516,143,105,145],"class_list":{"0":"post-4719","1":"product","2":"type-product","3":"status-publish","4":"has-post-thumbnail","6":"product_cat-milk-protein-drink","7":"product_tag-low-fat","8":"product_tag-lower-carb","9":"product_tag-high-protein","10":"product_tag-gluten-free","11":"product_tag-lactose-free","12":"product_tag-no-added-sugar","14":"first","15":"instock","16":"taxable","17":"shipping-taxable","18":"purchasable","19":"product-type-simple"},"acf":[],"tiered_pricing_type":"fixed","tiered_pricing_fixed_rules":[],"tiered_pricing_product_settings":{"layout":"default","base_unit_name":{"singular":null,"plural":null},"default_variation":null},"tiered_pricing_minimum_quantity":null,"tiered_pricing_roles_data":[],"tiered_pricing_percentage_rules":[],"tiered_pricing_maximum_quantity":null,"tiered_pricing_quantity_step":null,"_links":{"self":[{"href":"https:\/\/www.chiefslife.com\/fr-eu\/wp-json\/wp\/v2\/product\/4719","targetHints":{"allow":["GET"]}}],"collection":[{"href":"https:\/\/www.chiefslife.com\/fr-eu\/wp-json\/wp\/v2\/product"}],"about":[{"href":"https:\/\/www.chiefslife.com\/fr-eu\/wp-json\/wp\/v2\/types\/product"}],"wp:featuredmedia":[{"embeddable":true,"href":"https:\/\/www.chiefslife.com\/fr-eu\/wp-json\/wp\/v2\/media\/14134"}],"wp:attachment":[{"href":"https:\/\/www.chiefslife.com\/fr-eu\/wp-json\/wp\/v2\/media?parent=4719"}],"wp:term":[{"taxonomy":"product_brand","embeddable":true,"href":"https:\/\/www.chiefslife.com\/fr-eu\/wp-json\/wp\/v2\/product_brand?post=4719"},{"taxonomy":"product_cat","embeddable":true,"href":"https:\/\/www.chiefslife.com\/fr-eu\/wp-json\/wp\/v2\/product_cat?post=4719"},{"taxonomy":"product_tag","embeddable":true,"href":"https:\/\/www.chiefslife.com\/fr-eu\/wp-json\/wp\/v2\/product_tag?post=4719"}],"curies":[{"name":"wp","href":"https:\/\/api.w.org\/{rel}","templated":true}]}}