{"id":4727,"date":"2021-09-29T14:22:40","date_gmt":"2021-09-29T12:22:40","guid":{"rendered":"https:\/\/www.chiefslife.com\/fr-eu\/?post_type=product&#038;p=4727"},"modified":"2025-12-04T12:05:30","modified_gmt":"2025-12-04T11:05:30","slug":"kit-de-degustation-milk-protein-drinks","status":"publish","type":"product","link":"https:\/\/www.chiefslife.com\/fr-eu\/produit\/kit-de-degustation-milk-protein-drinks\/","title":{"rendered":"Kit de d\u00e9gustation Protein Drinks"},"content":{"rendered":"<p>Tu trouveras tous les ingr\u00e9dients et informations nutritionnelles sur les Protein Drinks dans notre kit d\u2019essai sous le descriptif de chaque produit. Il te suffit de cliquer sur la Protein Drink de ton choix pour acc\u00e9der aux informations sur le produit.<\/p>\n<p><a href=\"https:\/\/www.chiefslife.com\/fr-eu\/produit\/strawberry\/\"><img decoding=\"async\" class=\"alignnone wp-image-23478\" src=\"https:\/\/www.chiefslife.com\/de-eu\/wp-content\/uploads\/sites\/6\/2024\/07\/Chiefs_ProteinDrink_EU_BerryFalls_front_shade-300x300.png\" alt=\"\" width=\"160\" height=\"160\" \/><\/a><a href=\"https:\/\/www.chiefslife.com\/fr-eu\/produit\/vanilla-drive\/\"><img decoding=\"async\" class=\"alignnone wp-image-23484\" src=\"https:\/\/www.chiefslife.com\/de-eu\/wp-content\/uploads\/sites\/6\/2024\/07\/Chiefs_ProteinDrink_EU_VanillaDrive_front_shade-300x300.png\" alt=\"\" width=\"160\" height=\"160\" \/><\/a><a href=\"https:\/\/www.chiefslife.com\/fr-eu\/produit\/choco-mountain\/\"><img decoding=\"async\" class=\"alignnone wp-image-23480\" src=\"https:\/\/www.chiefslife.com\/de-eu\/wp-content\/uploads\/sites\/6\/2024\/07\/Chiefs_ProteinDrink_EU_ChocoMountain_front_shade-300x300.png\" alt=\"\" width=\"160\" height=\"160\" \/><\/a><a href=\"https:\/\/www.chiefslife.com\/fr-eu\/produit\/banana-beach\/\"><img decoding=\"async\" class=\"alignnone wp-image-23476\" src=\"https:\/\/www.chiefslife.com\/de-eu\/wp-content\/uploads\/sites\/6\/2024\/07\/Chiefs_ProteinDrink_EU_BananaBeach_front_shade-300x300.png\" alt=\"\" width=\"160\" height=\"160\" \/><\/a><a href=\"https:\/\/www.chiefslife.com\/fr-eu\/produit\/coffee-county\/\"><img decoding=\"async\" class=\"alignnone wp-image-23482\" src=\"https:\/\/www.chiefslife.com\/de-eu\/wp-content\/uploads\/sites\/6\/2024\/07\/Chiefs_ProteinDrink_EU_CoffeeCounty_front_shade-300x300.png\" alt=\"\" width=\"160\" height=\"160\" \/><\/a><\/p>\n<p>&nbsp;<\/p>\n","protected":false},"excerpt":{"rendered":"<p>Pourquoi se limiter au chocolat et \u00e0 la vanille ? Trouve de l\u2019inspiration gr\u00e2ce \u00e0 notre kit de d\u00e9gustation pour d\u00e9couvrir ton nouveau go\u00fbt pr\u00e9f\u00e9r\u00e9. Ou fais simplement plaisir \u00e0 quelqu\u2019un en lui offrant une d\u00e9licieuse Protein Drink Chiefs.<\/p>\n","protected":false},"featured_media":14243,"template":"","meta":{"_acf_changed":false,"inline_featured_image":false},"product_brand":[],"product_cat":[91],"product_tag":[147,82,516,143,105,145],"class_list":{"0":"post-4727","1":"product","2":"type-product","3":"status-publish","4":"has-post-thumbnail","6":"product_cat-milk-protein-drink","7":"product_tag-low-fat","8":"product_tag-lower-carb","9":"product_tag-high-protein","10":"product_tag-gluten-free","11":"product_tag-lactose-free","12":"product_tag-no-added-sugar","14":"first","15":"outofstock","16":"taxable","17":"shipping-taxable","18":"purchasable","19":"product-type-simple"},"acf":[],"tiered_pricing_type":"fixed","tiered_pricing_fixed_rules":[],"tiered_pricing_product_settings":{"layout":"default","base_unit_name":{"singular":null,"plural":null},"default_variation":null},"tiered_pricing_minimum_quantity":null,"tiered_pricing_roles_data":[],"tiered_pricing_percentage_rules":[],"tiered_pricing_maximum_quantity":null,"tiered_pricing_quantity_step":null,"_links":{"self":[{"href":"https:\/\/www.chiefslife.com\/fr-eu\/wp-json\/wp\/v2\/product\/4727","targetHints":{"allow":["GET"]}}],"collection":[{"href":"https:\/\/www.chiefslife.com\/fr-eu\/wp-json\/wp\/v2\/product"}],"about":[{"href":"https:\/\/www.chiefslife.com\/fr-eu\/wp-json\/wp\/v2\/types\/product"}],"wp:featuredmedia":[{"embeddable":true,"href":"https:\/\/www.chiefslife.com\/fr-eu\/wp-json\/wp\/v2\/media\/14243"}],"wp:attachment":[{"href":"https:\/\/www.chiefslife.com\/fr-eu\/wp-json\/wp\/v2\/media?parent=4727"}],"wp:term":[{"taxonomy":"product_brand","embeddable":true,"href":"https:\/\/www.chiefslife.com\/fr-eu\/wp-json\/wp\/v2\/product_brand?post=4727"},{"taxonomy":"product_cat","embeddable":true,"href":"https:\/\/www.chiefslife.com\/fr-eu\/wp-json\/wp\/v2\/product_cat?post=4727"},{"taxonomy":"product_tag","embeddable":true,"href":"https:\/\/www.chiefslife.com\/fr-eu\/wp-json\/wp\/v2\/product_tag?post=4727"}],"curies":[{"name":"wp","href":"https:\/\/api.w.org\/{rel}","templated":true}]}}