{"id":1187,"date":"2021-03-11T16:08:09","date_gmt":"2021-03-11T15:08:09","guid":{"rendered":"https:\/\/www.chiefslife.com\/it-ch\/?page_id=1187"},"modified":"2024-07-15T15:16:14","modified_gmt":"2024-07-15T13:16:14","slug":"condizioni-generali-di-contratto","status":"publish","type":"page","link":"https:\/\/www.chiefslife.com\/it-ch\/condizioni-generali-di-contratto\/","title":{"rendered":"Condizioni generali di contratto"},"content":{"rendered":"\n<div class=\"wp-block-group\"><div class=\"wp-block-group__inner-container is-layout-flow wp-block-group-is-layout-flow\">\n<h1 class=\"wp-block-heading\">Condizioni generali di contratto<\/h1>\n\n\n\n<h4 class=\"wp-block-heading\">1.&nbsp;Portata<\/h4>\n\n\n\n<p>Per tutti gli ordini inviati da utenti e imprenditori al nostro Online-Shop si applicano le seguenti condizioni generali (\u00abTCG\u00bb).<\/p>\n\n\n\n<p>Per consumatore si intende qualsiasi persona fisica che conclude un\u2019operazione a scopo prevalentemente non attribuibile alla loro attivit\u00e0 professionale indipendente. \u00c8 imprenditore chiunque &#8211; persona naturale oppure entit\u00e0 giuridica \u2013 agisce in seguito alla conclusione di un atto giuridico nell\u2019esercizio della sua attivit\u00e0 commerciale professionale o autonoma.<\/p>\n\n\n\n<p>Nei confronti dell\u2019impresa vale quanto segue: qualora l\u2019imprenditore utilizza condizioni generali di contratto contrarie o complementari, se ne contester\u00e0 la validit\u00e0; diventano elementi contrattuali unicamente se diamo il nostro consenso espresso per iscritto.<\/p>\n\n\n\n<h4 class=\"wp-block-heading\">2.&nbsp;Parte contraente, stipula del contratto, possibili rettifiche<\/h4>\n\n\n\n<p>Il contratto d\u2019acquisto viene stipulato con la Chiefs AG.<\/p>\n\n\n\n<p>La presentazione delle merci nell\u2019Online Shop non costituisce un\u2019offerta vincolante. \u00c8 semplicemente una maniera di invitarvi a presentare un\u2019offerta tramite un ordine. Potete cominciare inserendo in un primo tempo nel paniere i nostri prodotti in modo non vincolante e correggere in qualsiasi momento i vostri dati prima di inviare il vostro ordine vincolante, utilizzando a tal fine le possibilit\u00e0 correttive previste dal processo. Il contratto viene concluso quando si accetta l\u2019offerta cliccando il pulsante di conferma dell\u2019ordine del contenuto della merce nel paniere. Immediatamente dopo la spedizione dell\u2019ordine si otterr\u00e0 una conferma via mail.<\/p>\n\n\n\n<p>I prodotti offerti sono prevalentemente prodotti da fornitori certificati secondo lo standard GFSI. In casi eccezionali in cui ci\u00f2 non sia il caso, i processi di gestione della qualit\u00e0 del fornitore vengono esaminati da Chiefs AG. Effettuando l\u2019acquisto, accettate che i prodotti possano provenire da fornitori certificati GFSI o da fornitori i cui processi di gestione della qualit\u00e0 sono stati esaminati da Chiefs AG.<\/p>\n\n\n\n<h4 class=\"wp-block-heading\">3.&nbsp;Lingua contrattuale, archiviazione del contratto<\/h4>\n\n\n\n<p>La o le lingue disponibili per la conclusione del contratto: tedesco, inglese, francese e italiano<\/p>\n\n\n\n<p>Salveremo il testo del contratto e vi invieremo per iscritto la conferma dell\u2019ordine insieme ai relativi dati. Le CGC possono essere consultate in qualsiasi momento.<\/p>\n\n\n\n<h4 class=\"wp-block-heading\">4.&nbsp;Termini di consegna<\/h4>\n\n\n\n<p>Oltre ai prezzi dei prodotti indicati possono esserci anche costi di spedizione. Troverete disposizioni pi\u00f9 dettagliate sulle eventuali spese aggiuntive nelle offerte oppure NEL RIEPILOGO DEL VOSTRO ORDINE PRIMA DELLA SUA CONFERMA.<\/p>\n\n\n\n<p>Consegniamo solo tramite spedizione. Purtroppo non \u00e8 possibile ritirare individualmente la merce.<\/p>\n\n\n\n<p>Non pratichiamo la consegna alle stazioni di imballaggio.<\/p>\n\n\n\n<p>Siamo autorizzati ad effettuare consegne e prestazioni parziali. Assumeremo gli eventuali costi supplementari.<\/p>\n\n\n\n<p>Qualora un acquirente non ritiri la merce dopo la consegna, possiamo vendere questa merce a un terzo acquirente dopo un periodo di due settimane e imputare le eventuali perdite subite all\u2019acquirente iniziale.<\/p>\n\n\n\n<p>Qualora la merce non sia consegnabile per cause di forza maggiore oppure a seguito di cessazione del prodotto, oppure se non siamo in grado di procurarci i prodotti ordinati nelle in condizioni ragionevoli, qualora tali circostanze si siano verificate solo dopo la stipula del contratto indipendentemente dalla nostra responsabilit\u00e0, saremo esonerati dall\u2019obbligo di consegna. Nel caso di eventi che complichino significativamente la consegna o la rendano impossibile \u2013 a titolo d\u2019esempio nel caso di sciopero, serrata, ordinanze amministrative o simili \u2013 non siamo tenuti ad assumere tali ritardi anche in caso di termini e scadenze vincolanti.<\/p>\n\n\n\n<h4 class=\"wp-block-heading\">5. Prezzi<\/h4>\n\n\n\n<p>Per gli ordini vengono applicati i prezzi indicati per i prodotti al momento dell\u2019ordine. Tutti i prezzi sono comprensivi del l\u2019IVA legale e delle spese di spedizione. In caso di costi aggiuntivi, questi vengono calcolati e segnalati separatamente.<\/p>\n\n\n\n<h4 class=\"wp-block-heading\">6.&nbsp;Pagamento<\/h4>\n\n\n\n<p>In linea di principio troverete nel nostro Shop a vostra disposizione i mezzi di pagamento di Payrexx:<\/p>\n\n\n\n<h6 class=\"wp-block-heading\">Carta di credito Mastercard \/ Visa<\/h6>\n\n\n\n<p>Prevede l\u2019inserimento dei dati della vostra carta di credito con l\u2019inoltro dell\u2019ordine. La carta viene addebitata subito dopo l\u2019inoltro dell\u2019ordine.<\/p>\n\n\n\n<h6 class=\"wp-block-heading\">Apple Pay<\/h6>\n\n\n\n<p>Quando si effettua un ordine, si forniscono i dati del proprio conto. Il conto verr\u00e0 addebitato immediatamente dopo l&#8217;ordine.<\/p>\n\n\n\n<h6 class=\"wp-block-heading\">Twint<\/h6>\n\n\n\n<p>Quando si effettua un ordine, si forniscono i dati del proprio conto. Il conto verr\u00e0 addebitato immediatamente dopo l&#8217;ordine.<\/p>\n\n\n\n<h6 class=\"wp-block-heading\">PayPal<\/h6>\n\n\n\n<p>Per poter pagare l\u2019importo della fattura tramite l\u2019opzione di pagamento PayPal, occorre che siate registrati a PayPal, dimostriate la vostra identit\u00e0 con le vostre credenziali di accesso e confermiate l\u2019ordine di pagamento. La transazione di pagamento sar\u00e0 eseguita da PayPal subito dopo l\u2019inoltro dell\u2019ordine.<\/p>\n\n\n\n<h6 class=\"wp-block-heading\">Carta di credito tramite PayPal<\/h6>\n\n\n\n<p>La carta sar\u00e0 addebitata da PayPal dopo l\u2019invio della merce.<\/p>\n\n\n\n<h4 class=\"wp-block-heading\">7.&nbsp;Diritto di recesso<\/h4>\n\n\n\n<p>Ai consumatori spetta il diritto legale di recesso, come descritto nelle istruzioni per il recesso. Agli imprenditori non viene riconosciuto alcun diritto di recesso su base volontaria.<\/p>\n\n\n\n<h4 class=\"wp-block-heading\">8. Riserva di propriet\u00e0<\/h4>\n\n\n\n<p>Nel caso di consumatori individuali conserviamo la propriet\u00e0 dell\u2019oggetto in causa fino al completo pagamento dell\u2019importo fatturato.<\/p>\n\n\n\n<p>Se siete un imprenditore nell\u2019esercizio della vostra attivit\u00e0 professionale o autonoma, o una persona giuridica di diritto pubblico di un patrimonio speciale separato, ci riserviamo la propriet\u00e0 in attesa della liquidazione di tutti i crediti ancora in essere a seguito della relazione d\u2019affari con il committente. I relativi diritti di garanzia sono trasferibili a terzi.<\/p>\n\n\n\n<h4 class=\"wp-block-heading\">9.&nbsp;Danni da trasporto<\/h4>\n\n\n\n<p>Per i consumatori: se le merci vengono consegnate con evidenti danni da trasporto, vi invitiamo a presentare reclamo per tali difetti il pi\u00f9 presto possibile all&#8217;addetto al recapito e a contattarci immediatamente. La mancata presentazione dei reclami o il mancato contatto non comporta alcuna conseguenza per quanto riguarda i vostri diritti legali e la loro applicazione, in particolare i diritti di garanzia. Tuttavia, essi ci aiutano a far valere i nostri diritti nei confronti del vettore o dell&#8217;assicurazione trasporti.<\/p>\n\n\n\n<h4 class=\"wp-block-heading\">10. Clausola di esonero dalla responsabilit\u00e0<\/h4>\n\n\n\n<p>Le richieste di risarcimento danni avanzate dal cliente sono escluse, salvo in seguito disposto diversamente. La gi\u00e0 menzionata esclusione della responsabilit\u00e0 si applica pure a favore del nostro rappresentante legale e agli agenti di adempimento, nella misura in cui il cliente faccia valere i suoi diritti nei loro confronti.<\/p>\n\n\n\n<p>Sono esclusi dall\u2019esclusione di responsabilit\u00e0 di cui alla clausola 1 le richieste di risarcimenti danni a seguito di una violazione di vita, del corpo, della salute e richieste di risarcimento danni dovute alla violazione di obblighi contrattuali essenziali. Sono obblighi contrattuali essenziali quelli il cui adempimento \u00e8 necessario ai fini dell\u2019obiettivo contrattuale, per esempio nel caso in cui il fornitore debba consegnare al cliente l\u2019oggetto privo di difetti materiali e di vizi giuridici. Non rientrano nella responsabilit\u00e0 i danni dovuti a una violazione del dovere per dolo o negligenza grave del fornitore, dei suoi rappresentanti legali o agenti ausiliari.<\/p>\n\n\n\n<h4 class=\"wp-block-heading\">11. Divieto di cessione e di pegno<\/h4>\n\n\n\n<p>La cessione o pegno delle rivendicazioni o diritti da parte del cliente nei nostri confronti non sono ammessi senza il nostro consenso, a meno che il cliente sia in grado di comprovare un diritto legittimo nella cessione o nel pegno.<\/p>\n\n\n\n<h4 class=\"wp-block-heading\">12. Compensazione e diritto di ritenzione<\/h4>\n\n\n\n<p>Un diritto di ritenzione da parte del cliente esiste solo nel caso in cui la sua richiesta di compensazione \u00e8 stata stabilita legalmente o \u00e8 indiscussa. D\u2019altronde, possedete un diritto di ritenzione soltanto nel caso in cui la vostra domanda riconvenzionale si basi sulla stessa relazione contrattuale.<\/p>\n\n\n\n<p>Qualora il cliente si trovi in difetto nei nostri confronti a seguito di un qualsiasi obbligo di pagamento, tutti i crediti esistenti diventano immediatamente esigibili.<\/p>\n\n\n\n<h4 class=\"wp-block-heading\">13. Risoluzione delle controversie<\/h4>\n\n\n\n<p>La Commissione Europea fornisce una piattaforma per la risoluzione online delle controversie (ODR), sul sito <a rel=\"noreferrer noopener\" href=\"https:\/\/ec.europa.eu\/consumers\/odr\/\" target=\"_blank\">https:\/\/ec.europa.eu\/consumers\/odr\/<\/a>. Noi non abbiamo l\u2019obbligo n\u00e9 siamo disposti a partecipare a una procedura di risoluzione delle controversie.<\/p>\n\n\n\n<h4 class=\"wp-block-heading\">14. Disposizioni finali<\/h4>\n\n\n\n<p>Scelta del diritto: se \u00e8 imprenditore, viene applicato il diritto sostanziale tedesco ad esclusione della Convenzione delle Nazioni Unite sui contratti di vendita internazionale di merci.<\/p>\n\n\n\n<p>Competenza giurisdizionale: se \u00e8 un commerciante ai sensi del codice commerciale svizzera, una persona giuridica del diritto pubblico oppure del fondo speciale del diritto pubblico, la nostra sede di lavoro \u00e8 il luogo esclusivo di giurisdizione per qualsiasi controversia derivante dai nostri rapporti contrattuali.<\/p>\n\n\n\n<p>Clausola di salvaguardia: se una qualsiasi disposizione delle presenti Condizioni Generali non risulti valida, ci\u00f2 non invalider\u00e0 la validit\u00e0 delle restanti disposizioni.<\/p>\n<\/div><\/div>\n","protected":false},"excerpt":{"rendered":"<p>Condizioni generali di contratto 1.&nbsp;Portata Per tutti gli ordini inviati da utenti e imprenditori al nostro Online-Shop si applicano le seguenti condizioni generali (\u00abTCG\u00bb). Per consumatore si intende qualsiasi persona fisica che conclude un\u2019operazione a scopo prevalentemente non attribuibile alla loro attivit\u00e0 professionale indipendente. \u00c8 imprenditore chiunque &#8211; persona naturale oppure entit\u00e0 giuridica \u2013 agisce [&hellip;]<\/p>\n","protected":false},"author":2,"featured_media":0,"parent":0,"menu_order":0,"comment_status":"closed","ping_status":"closed","template":"","meta":{"_acf_changed":false,"inline_featured_image":false,"footnotes":""},"class_list":["post-1187","page","type-page","status-publish","hentry"],"acf":[],"_links":{"self":[{"href":"https:\/\/www.chiefslife.com\/it-ch\/wp-json\/wp\/v2\/pages\/1187","targetHints":{"allow":["GET"]}}],"collection":[{"href":"https:\/\/www.chiefslife.com\/it-ch\/wp-json\/wp\/v2\/pages"}],"about":[{"href":"https:\/\/www.chiefslife.com\/it-ch\/wp-json\/wp\/v2\/types\/page"}],"author":[{"embeddable":true,"href":"https:\/\/www.chiefslife.com\/it-ch\/wp-json\/wp\/v2\/users\/2"}],"replies":[{"embeddable":true,"href":"https:\/\/www.chiefslife.com\/it-ch\/wp-json\/wp\/v2\/comments?post=1187"}],"version-history":[{"count":0,"href":"https:\/\/www.chiefslife.com\/it-ch\/wp-json\/wp\/v2\/pages\/1187\/revisions"}],"wp:attachment":[{"href":"https:\/\/www.chiefslife.com\/it-ch\/wp-json\/wp\/v2\/media?parent=1187"}],"curies":[{"name":"wp","href":"https:\/\/api.w.org\/{rel}","templated":true}]}}