{"id":12914,"date":"2023-03-24T12:04:29","date_gmt":"2023-03-24T11:04:29","guid":{"rendered":"https:\/\/www.chiefslife.com\/it-ch\/?page_id=12914"},"modified":"2023-03-27T11:59:01","modified_gmt":"2023-03-27T09:59:01","slug":"protein-spread","status":"publish","type":"page","link":"https:\/\/www.chiefslife.com\/it-ch\/protein-spread\/","title":{"rendered":"Protein Spread"},"content":{"rendered":"\n<div class=\"wp-block-group\"><div class=\"wp-block-group__inner-container is-layout-flow wp-block-group-is-layout-flow\">\n<h1 class=\"has-text-align-center wp-block-heading\">Protein Spread<\/h1>\n\n\n\n<p class=\"has-text-align-center has-body-1-font-size\">Cercate una pausa dolce senza trascurare i vostri obiettivi sportivi? La nostra crema proteica al cioccolato e nocciole \u00e8 la risposta! Realizzata senza zuccheri aggiunti n\u00e9 olio di palma, \u00e8 ricca di proteine di alta qualit\u00e0 che mantengono il corpo pieno di energia e soddisfano la vostra voglia di dolce.<\/p>\n<\/div><\/div>\n\n\n<style>\n    .wp-block-chiefs-column-brick {\n        display: flex;\n        flex-wrap: wrap;\n        justify-content: center;\n        gap: 20px;\n    }\n\n    .wp-block-chiefs-column-brick-title-link {\n        flex: 0 0 100%;\n        text-align: center;\n    }\n\n    .wp-block-chiefs-column-brick-column {\n        flex: 0 1 calc(33.333% - 14px);\n        text-align: center;\n    }\n\n    .wp-block-chiefs-column-brick-text {\n        text-align: center;\n    }\n\n    @media (max-width: 768px) {\n        .wp-block-chiefs-column-brick-column {\n            flex: 0 1 100%;\n        }\n    }\n<\/style>\n<div id=\"chiefs-column-block-block_5e3e1249211507e30290c0d7d2be4377\" class=\"chiefs-column-block\">\n    <div class=\"wp-block-chiefs-column-brick  chiefs-brick\">\n                                <div class=\"wp-block-chiefs-column-brick-column\">\n                    <div class=\"wp-block-chiefs-column-brick-image-container\">\n                        <a href=\"https:\/\/www.chiefslife.com\/it-ch\/prodotto\/protein-spread-choco-hazelnut\/\" target=\"_self\" rel=\"noopener\">\n                            <img decoding=\"async\" width=\"1000\" height=\"1000\" src=\"https:\/\/www.chiefslife.com\/it-ch\/wp-content\/uploads\/sites\/8\/2023\/03\/Chiefs_Web_1000x1000_ProteinSpread_ChocoHazelnut_front_shade.png\" class=\"wp-block-chiefs-column-brick-image wp-image-500\" alt=\"Chiefs Protein Spread Choco Hazelnut vista frontale con ombra\" srcset=\"https:\/\/www.chiefslife.com\/it-ch\/wp-content\/uploads\/sites\/8\/2023\/03\/Chiefs_Web_1000x1000_ProteinSpread_ChocoHazelnut_front_shade.png 1000w, https:\/\/www.chiefslife.com\/it-ch\/wp-content\/uploads\/sites\/8\/2023\/03\/Chiefs_Web_1000x1000_ProteinSpread_ChocoHazelnut_front_shade-300x300.png 300w, https:\/\/www.chiefslife.com\/it-ch\/wp-content\/uploads\/sites\/8\/2023\/03\/Chiefs_Web_1000x1000_ProteinSpread_ChocoHazelnut_front_shade-150x150.png 150w, https:\/\/www.chiefslife.com\/it-ch\/wp-content\/uploads\/sites\/8\/2023\/03\/Chiefs_Web_1000x1000_ProteinSpread_ChocoHazelnut_front_shade-768x768.png 768w, https:\/\/www.chiefslife.com\/it-ch\/wp-content\/uploads\/sites\/8\/2023\/03\/Chiefs_Web_1000x1000_ProteinSpread_ChocoHazelnut_front_shade-500x500.png 500w, https:\/\/www.chiefslife.com\/it-ch\/wp-content\/uploads\/sites\/8\/2023\/03\/Chiefs_Web_1000x1000_ProteinSpread_ChocoHazelnut_front_shade-800x800.png 800w, https:\/\/www.chiefslife.com\/it-ch\/wp-content\/uploads\/sites\/8\/2023\/03\/Chiefs_Web_1000x1000_ProteinSpread_ChocoHazelnut_front_shade-336x336.png 336w, https:\/\/www.chiefslife.com\/it-ch\/wp-content\/uploads\/sites\/8\/2023\/03\/Chiefs_Web_1000x1000_ProteinSpread_ChocoHazelnut_front_shade-100x100.png 100w\" sizes=\"(max-width: 1000px) 100vw, 1000px\" \/>                        <\/a>\n                    <\/div>\n                    <a class=\"wp-block-chiefs-column-brick-text-link\" href=\"https:\/\/www.chiefslife.com\/it-ch\/prodotto\/protein-spread-choco-hazelnut\/\" target=\"_self\" rel=\"noopener\">\n                        <h6 class=\"wp-block-chiefs-column-brick-text\">Choco Hazelnut<\/h6>\n                    <\/a>\n                <\/div>\n            <\/div>\n<\/div>","protected":false},"excerpt":{"rendered":"<p>Protein Spread Cercate una pausa dolce senza trascurare i vostri obiettivi sportivi? La nostra crema proteica al cioccolato e nocciole \u00e8 la risposta! Realizzata senza zuccheri aggiunti n\u00e9 olio di palma, \u00e8 ricca di proteine di alta qualit\u00e0 che mantengono il corpo pieno di energia e soddisfano la vostra voglia di dolce.<\/p>\n","protected":false},"author":4,"featured_media":0,"parent":0,"menu_order":0,"comment_status":"closed","ping_status":"closed","template":"","meta":{"_acf_changed":false,"inline_featured_image":false,"footnotes":""},"class_list":["post-12914","page","type-page","status-publish","hentry"],"acf":[],"_links":{"self":[{"href":"https:\/\/www.chiefslife.com\/it-ch\/wp-json\/wp\/v2\/pages\/12914","targetHints":{"allow":["GET"]}}],"collection":[{"href":"https:\/\/www.chiefslife.com\/it-ch\/wp-json\/wp\/v2\/pages"}],"about":[{"href":"https:\/\/www.chiefslife.com\/it-ch\/wp-json\/wp\/v2\/types\/page"}],"author":[{"embeddable":true,"href":"https:\/\/www.chiefslife.com\/it-ch\/wp-json\/wp\/v2\/users\/4"}],"replies":[{"embeddable":true,"href":"https:\/\/www.chiefslife.com\/it-ch\/wp-json\/wp\/v2\/comments?post=12914"}],"version-history":[{"count":0,"href":"https:\/\/www.chiefslife.com\/it-ch\/wp-json\/wp\/v2\/pages\/12914\/revisions"}],"wp:attachment":[{"href":"https:\/\/www.chiefslife.com\/it-ch\/wp-json\/wp\/v2\/media?parent=12914"}],"curies":[{"name":"wp","href":"https:\/\/api.w.org\/{rel}","templated":true}]}}