{"id":15951,"date":"2025-06-20T08:33:04","date_gmt":"2025-06-20T06:33:04","guid":{"rendered":"https:\/\/www.chiefslife.com\/it-ch\/?page_id=15951"},"modified":"2025-06-27T13:57:25","modified_gmt":"2025-06-27T11:57:25","slug":"syrup-zero","status":"publish","type":"page","link":"https:\/\/www.chiefslife.com\/it-ch\/syrup-zero\/","title":{"rendered":"Syrup Zero"},"content":{"rendered":"\n<h1 class=\"wp-block-heading has-text-align-center\">Syrup Zero<\/h1>\n\n\n\n<p class=\"has-text-align-center has-body-1-font-size\">Vuoi bere di pi\u00f9, ma senza zucchero e senza calorie? Ci pensiamo noi!<br>Chiefs Syrup Zero trasforma l&#8217;acqua in una bevanda deliziosa e rinfrescante, senza zucchero e senza calorie.<br>Ogni bottiglietta compatta rende pi\u00f9 di 8 litri, perfetta da portare sempre con te.<br>In pi\u00f9, \u00e8 facilissimo da usare: spremi, mescola, gusta!<\/p>\n\n\n<style>\n    .wp-block-chiefs-column-brick {\n        display: flex;\n        flex-wrap: wrap;\n        justify-content: center;\n        gap: 20px;\n    }\n\n    .wp-block-chiefs-column-brick-title-link {\n        flex: 0 0 100%;\n        text-align: center;\n    }\n\n    .wp-block-chiefs-column-brick-column {\n        flex: 0 1 calc(33.333% - 14px);\n        text-align: center;\n    }\n\n    .wp-block-chiefs-column-brick-text {\n        text-align: center;\n    }\n\n    @media (max-width: 768px) {\n        .wp-block-chiefs-column-brick-column {\n            flex: 0 1 100%;\n        }\n    }\n<\/style>\n<div id=\"chiefs-column-block-block_3e67295b013a7ae8a7bee67ed35cf6e1\" class=\"chiefs-column-block\">\n    <div class=\"wp-block-chiefs-column-brick  chiefs-brick\">\n                                <div class=\"wp-block-chiefs-column-brick-column\">\n                    <div class=\"wp-block-chiefs-column-brick-image-container\">\n                        <a href=\"https:\/\/www.chiefslife.com\/it-ch\/prodotto\/ice-tea-peach\/\" target=\"_self\" rel=\"noopener\">\n                            <img decoding=\"async\" width=\"2000\" height=\"2000\" src=\"https:\/\/www.chiefslife.com\/it-ch\/wp-content\/uploads\/sites\/8\/2025\/06\/Chiefs_SyrupZero_IceTea_front.png\" class=\"wp-block-chiefs-column-brick-image wp-image-500\" alt=\"\" srcset=\"https:\/\/www.chiefslife.com\/it-ch\/wp-content\/uploads\/sites\/8\/2025\/06\/Chiefs_SyrupZero_IceTea_front.png 2000w, https:\/\/www.chiefslife.com\/it-ch\/wp-content\/uploads\/sites\/8\/2025\/06\/Chiefs_SyrupZero_IceTea_front-300x300.png 300w, https:\/\/www.chiefslife.com\/it-ch\/wp-content\/uploads\/sites\/8\/2025\/06\/Chiefs_SyrupZero_IceTea_front-1024x1024.png 1024w, https:\/\/www.chiefslife.com\/it-ch\/wp-content\/uploads\/sites\/8\/2025\/06\/Chiefs_SyrupZero_IceTea_front-150x150.png 150w, https:\/\/www.chiefslife.com\/it-ch\/wp-content\/uploads\/sites\/8\/2025\/06\/Chiefs_SyrupZero_IceTea_front-768x768.png 768w, https:\/\/www.chiefslife.com\/it-ch\/wp-content\/uploads\/sites\/8\/2025\/06\/Chiefs_SyrupZero_IceTea_front-1536x1536.png 1536w, https:\/\/www.chiefslife.com\/it-ch\/wp-content\/uploads\/sites\/8\/2025\/06\/Chiefs_SyrupZero_IceTea_front-336x336.png 336w, https:\/\/www.chiefslife.com\/it-ch\/wp-content\/uploads\/sites\/8\/2025\/06\/Chiefs_SyrupZero_IceTea_front-800x800.png 800w, https:\/\/www.chiefslife.com\/it-ch\/wp-content\/uploads\/sites\/8\/2025\/06\/Chiefs_SyrupZero_IceTea_front-100x100.png 100w\" sizes=\"(max-width: 2000px) 100vw, 2000px\" \/>                        <\/a>\n                    <\/div>\n                    <a class=\"wp-block-chiefs-column-brick-text-link\" href=\"https:\/\/www.chiefslife.com\/it-ch\/prodotto\/ice-tea-peach\/\" target=\"_self\" rel=\"noopener\">\n                        <h6 class=\"wp-block-chiefs-column-brick-text\">Ice Tea Peach<\/h6>\n                    <\/a>\n                <\/div>\n                        <div class=\"wp-block-chiefs-column-brick-column\">\n                    <div class=\"wp-block-chiefs-column-brick-image-container\">\n                        <a href=\"https:\/\/www.chiefslife.com\/it-ch\/prodotto\/strawberry-lemon\/\" target=\"_self\" rel=\"noopener\">\n                            <img decoding=\"async\" width=\"2000\" height=\"2000\" src=\"https:\/\/www.chiefslife.com\/it-ch\/wp-content\/uploads\/sites\/8\/2025\/06\/Chiefs_SyrupZero_Strawberry-Lime_front.png\" class=\"wp-block-chiefs-column-brick-image wp-image-500\" alt=\"\" srcset=\"https:\/\/www.chiefslife.com\/it-ch\/wp-content\/uploads\/sites\/8\/2025\/06\/Chiefs_SyrupZero_Strawberry-Lime_front.png 2000w, https:\/\/www.chiefslife.com\/it-ch\/wp-content\/uploads\/sites\/8\/2025\/06\/Chiefs_SyrupZero_Strawberry-Lime_front-300x300.png 300w, https:\/\/www.chiefslife.com\/it-ch\/wp-content\/uploads\/sites\/8\/2025\/06\/Chiefs_SyrupZero_Strawberry-Lime_front-1024x1024.png 1024w, https:\/\/www.chiefslife.com\/it-ch\/wp-content\/uploads\/sites\/8\/2025\/06\/Chiefs_SyrupZero_Strawberry-Lime_front-150x150.png 150w, https:\/\/www.chiefslife.com\/it-ch\/wp-content\/uploads\/sites\/8\/2025\/06\/Chiefs_SyrupZero_Strawberry-Lime_front-768x768.png 768w, https:\/\/www.chiefslife.com\/it-ch\/wp-content\/uploads\/sites\/8\/2025\/06\/Chiefs_SyrupZero_Strawberry-Lime_front-1536x1536.png 1536w, https:\/\/www.chiefslife.com\/it-ch\/wp-content\/uploads\/sites\/8\/2025\/06\/Chiefs_SyrupZero_Strawberry-Lime_front-336x336.png 336w, https:\/\/www.chiefslife.com\/it-ch\/wp-content\/uploads\/sites\/8\/2025\/06\/Chiefs_SyrupZero_Strawberry-Lime_front-800x800.png 800w, https:\/\/www.chiefslife.com\/it-ch\/wp-content\/uploads\/sites\/8\/2025\/06\/Chiefs_SyrupZero_Strawberry-Lime_front-100x100.png 100w\" sizes=\"(max-width: 2000px) 100vw, 2000px\" \/>                        <\/a>\n                    <\/div>\n                    <a class=\"wp-block-chiefs-column-brick-text-link\" href=\"https:\/\/www.chiefslife.com\/it-ch\/prodotto\/strawberry-lemon\/\" target=\"_self\" rel=\"noopener\">\n                        <h6 class=\"wp-block-chiefs-column-brick-text\">Strawberry-Lemon<\/h6>\n                    <\/a>\n                <\/div>\n                        <div class=\"wp-block-chiefs-column-brick-column\">\n                    <div class=\"wp-block-chiefs-column-brick-image-container\">\n                        <a href=\"https:\/\/www.chiefslife.com\/it-ch\/prodotto\/cassis\/\" target=\"_self\" rel=\"noopener\">\n                            <img decoding=\"async\" width=\"2000\" height=\"2000\" src=\"https:\/\/www.chiefslife.com\/it-ch\/wp-content\/uploads\/sites\/8\/2025\/06\/Chiefs_SyrupZero_Cassis_front.png\" class=\"wp-block-chiefs-column-brick-image wp-image-500\" alt=\"\" srcset=\"https:\/\/www.chiefslife.com\/it-ch\/wp-content\/uploads\/sites\/8\/2025\/06\/Chiefs_SyrupZero_Cassis_front.png 2000w, https:\/\/www.chiefslife.com\/it-ch\/wp-content\/uploads\/sites\/8\/2025\/06\/Chiefs_SyrupZero_Cassis_front-300x300.png 300w, https:\/\/www.chiefslife.com\/it-ch\/wp-content\/uploads\/sites\/8\/2025\/06\/Chiefs_SyrupZero_Cassis_front-1024x1024.png 1024w, https:\/\/www.chiefslife.com\/it-ch\/wp-content\/uploads\/sites\/8\/2025\/06\/Chiefs_SyrupZero_Cassis_front-150x150.png 150w, https:\/\/www.chiefslife.com\/it-ch\/wp-content\/uploads\/sites\/8\/2025\/06\/Chiefs_SyrupZero_Cassis_front-768x768.png 768w, https:\/\/www.chiefslife.com\/it-ch\/wp-content\/uploads\/sites\/8\/2025\/06\/Chiefs_SyrupZero_Cassis_front-1536x1536.png 1536w, https:\/\/www.chiefslife.com\/it-ch\/wp-content\/uploads\/sites\/8\/2025\/06\/Chiefs_SyrupZero_Cassis_front-336x336.png 336w, https:\/\/www.chiefslife.com\/it-ch\/wp-content\/uploads\/sites\/8\/2025\/06\/Chiefs_SyrupZero_Cassis_front-800x800.png 800w, https:\/\/www.chiefslife.com\/it-ch\/wp-content\/uploads\/sites\/8\/2025\/06\/Chiefs_SyrupZero_Cassis_front-100x100.png 100w\" sizes=\"(max-width: 2000px) 100vw, 2000px\" \/>                        <\/a>\n                    <\/div>\n                    <a class=\"wp-block-chiefs-column-brick-text-link\" href=\"https:\/\/www.chiefslife.com\/it-ch\/prodotto\/cassis\/\" target=\"_self\" rel=\"noopener\">\n                        <h6 class=\"wp-block-chiefs-column-brick-text\">Cassis<\/h6>\n                    <\/a>\n                <\/div>\n                        <div class=\"wp-block-chiefs-column-brick-column\">\n                    <div class=\"wp-block-chiefs-column-brick-image-container\">\n                        <a href=\"https:\/\/www.chiefslife.com\/it-ch\/prodotto\/elderflower\/\" target=\"_self\" rel=\"noopener\">\n                            <img decoding=\"async\" width=\"2000\" height=\"2000\" src=\"https:\/\/www.chiefslife.com\/it-ch\/wp-content\/uploads\/sites\/8\/2025\/06\/Chiefs_SyrupZero_Elderflower_front.png\" class=\"wp-block-chiefs-column-brick-image wp-image-500\" alt=\"\" srcset=\"https:\/\/www.chiefslife.com\/it-ch\/wp-content\/uploads\/sites\/8\/2025\/06\/Chiefs_SyrupZero_Elderflower_front.png 2000w, https:\/\/www.chiefslife.com\/it-ch\/wp-content\/uploads\/sites\/8\/2025\/06\/Chiefs_SyrupZero_Elderflower_front-300x300.png 300w, https:\/\/www.chiefslife.com\/it-ch\/wp-content\/uploads\/sites\/8\/2025\/06\/Chiefs_SyrupZero_Elderflower_front-1024x1024.png 1024w, https:\/\/www.chiefslife.com\/it-ch\/wp-content\/uploads\/sites\/8\/2025\/06\/Chiefs_SyrupZero_Elderflower_front-150x150.png 150w, https:\/\/www.chiefslife.com\/it-ch\/wp-content\/uploads\/sites\/8\/2025\/06\/Chiefs_SyrupZero_Elderflower_front-768x768.png 768w, https:\/\/www.chiefslife.com\/it-ch\/wp-content\/uploads\/sites\/8\/2025\/06\/Chiefs_SyrupZero_Elderflower_front-1536x1536.png 1536w, https:\/\/www.chiefslife.com\/it-ch\/wp-content\/uploads\/sites\/8\/2025\/06\/Chiefs_SyrupZero_Elderflower_front-336x336.png 336w, https:\/\/www.chiefslife.com\/it-ch\/wp-content\/uploads\/sites\/8\/2025\/06\/Chiefs_SyrupZero_Elderflower_front-800x800.png 800w, https:\/\/www.chiefslife.com\/it-ch\/wp-content\/uploads\/sites\/8\/2025\/06\/Chiefs_SyrupZero_Elderflower_front-100x100.png 100w\" sizes=\"(max-width: 2000px) 100vw, 2000px\" \/>                        <\/a>\n                    <\/div>\n                    <a class=\"wp-block-chiefs-column-brick-text-link\" href=\"https:\/\/www.chiefslife.com\/it-ch\/prodotto\/elderflower\/\" target=\"_self\" rel=\"noopener\">\n                        <h6 class=\"wp-block-chiefs-column-brick-text\">Elderflower<\/h6>\n                    <\/a>\n                <\/div>\n                        <div class=\"wp-block-chiefs-column-brick-column\">\n                    <div class=\"wp-block-chiefs-column-brick-image-container\">\n                        <a href=\"https:\/\/www.chiefslife.com\/it-ch\/prodotto\/raspberry\/\" target=\"_self\" rel=\"noopener\">\n                            <img decoding=\"async\" width=\"2000\" height=\"2000\" src=\"https:\/\/www.chiefslife.com\/it-ch\/wp-content\/uploads\/sites\/8\/2025\/06\/Chiefs_SyrupZero_Raspberry_front.png\" class=\"wp-block-chiefs-column-brick-image wp-image-500\" alt=\"\" srcset=\"https:\/\/www.chiefslife.com\/it-ch\/wp-content\/uploads\/sites\/8\/2025\/06\/Chiefs_SyrupZero_Raspberry_front.png 2000w, https:\/\/www.chiefslife.com\/it-ch\/wp-content\/uploads\/sites\/8\/2025\/06\/Chiefs_SyrupZero_Raspberry_front-300x300.png 300w, https:\/\/www.chiefslife.com\/it-ch\/wp-content\/uploads\/sites\/8\/2025\/06\/Chiefs_SyrupZero_Raspberry_front-1024x1024.png 1024w, https:\/\/www.chiefslife.com\/it-ch\/wp-content\/uploads\/sites\/8\/2025\/06\/Chiefs_SyrupZero_Raspberry_front-150x150.png 150w, https:\/\/www.chiefslife.com\/it-ch\/wp-content\/uploads\/sites\/8\/2025\/06\/Chiefs_SyrupZero_Raspberry_front-768x768.png 768w, https:\/\/www.chiefslife.com\/it-ch\/wp-content\/uploads\/sites\/8\/2025\/06\/Chiefs_SyrupZero_Raspberry_front-1536x1536.png 1536w, https:\/\/www.chiefslife.com\/it-ch\/wp-content\/uploads\/sites\/8\/2025\/06\/Chiefs_SyrupZero_Raspberry_front-336x336.png 336w, https:\/\/www.chiefslife.com\/it-ch\/wp-content\/uploads\/sites\/8\/2025\/06\/Chiefs_SyrupZero_Raspberry_front-800x800.png 800w, https:\/\/www.chiefslife.com\/it-ch\/wp-content\/uploads\/sites\/8\/2025\/06\/Chiefs_SyrupZero_Raspberry_front-100x100.png 100w\" sizes=\"(max-width: 2000px) 100vw, 2000px\" \/>                        <\/a>\n                    <\/div>\n                    <a class=\"wp-block-chiefs-column-brick-text-link\" href=\"https:\/\/www.chiefslife.com\/it-ch\/prodotto\/raspberry\/\" target=\"_self\" rel=\"noopener\">\n                        <h6 class=\"wp-block-chiefs-column-brick-text\">Raspberry<\/h6>\n                    <\/a>\n                <\/div>\n            <\/div>\n<\/div>","protected":false},"excerpt":{"rendered":"<p>Syrup Zero Vuoi bere di pi\u00f9, ma senza zucchero e senza calorie? Ci pensiamo noi!Chiefs Syrup Zero trasforma l&#8217;acqua in una bevanda deliziosa e rinfrescante, senza zucchero e senza calorie.Ogni bottiglietta compatta rende pi\u00f9 di 8 litri, perfetta da portare sempre con te.In pi\u00f9, \u00e8 facilissimo da usare: spremi, mescola, gusta!<\/p>\n","protected":false},"author":4600,"featured_media":0,"parent":0,"menu_order":0,"comment_status":"closed","ping_status":"closed","template":"","meta":{"_acf_changed":false,"inline_featured_image":false,"footnotes":""},"class_list":["post-15951","page","type-page","status-publish","hentry"],"acf":[],"_links":{"self":[{"href":"https:\/\/www.chiefslife.com\/it-ch\/wp-json\/wp\/v2\/pages\/15951","targetHints":{"allow":["GET"]}}],"collection":[{"href":"https:\/\/www.chiefslife.com\/it-ch\/wp-json\/wp\/v2\/pages"}],"about":[{"href":"https:\/\/www.chiefslife.com\/it-ch\/wp-json\/wp\/v2\/types\/page"}],"author":[{"embeddable":true,"href":"https:\/\/www.chiefslife.com\/it-ch\/wp-json\/wp\/v2\/users\/4600"}],"replies":[{"embeddable":true,"href":"https:\/\/www.chiefslife.com\/it-ch\/wp-json\/wp\/v2\/comments?post=15951"}],"version-history":[{"count":2,"href":"https:\/\/www.chiefslife.com\/it-ch\/wp-json\/wp\/v2\/pages\/15951\/revisions"}],"predecessor-version":[{"id":15960,"href":"https:\/\/www.chiefslife.com\/it-ch\/wp-json\/wp\/v2\/pages\/15951\/revisions\/15960"}],"wp:attachment":[{"href":"https:\/\/www.chiefslife.com\/it-ch\/wp-json\/wp\/v2\/media?parent=15951"}],"curies":[{"name":"wp","href":"https:\/\/api.w.org\/{rel}","templated":true}]}}