{"id":1121,"date":"2021-03-11T14:08:32","date_gmt":"2021-03-11T13:08:32","guid":{"rendered":"https:\/\/www.chiefslife.com\/it-eu\/?page_id=1121"},"modified":"2023-11-06T08:04:08","modified_gmt":"2023-11-06T07:04:08","slug":"qualita","status":"publish","type":"page","link":"https:\/\/www.chiefslife.com\/it-eu\/qualita\/","title":{"rendered":"Qualit\u00e0"},"content":{"rendered":"\n<div class=\"wp-block-group\"><div class=\"wp-block-group__inner-container is-layout-flow wp-block-group-is-layout-flow\">\n<h1 class=\"wp-block-heading has-text-align-center\">Qualit\u00e0<\/h1>\n\n\n\n<p class=\"has-text-align-center\">La qualit\u00e0 prima di tutto, sempre. Chiefs<sup>\u00ae<\/sup> si impegna a stabilire gli standard di qualit\u00e0 pi\u00f9 elevati lungo l&#8217;intera catena di fornitura. Non solo aderiamo a vari standard industriali, ma ottimizziamo continuamente i nostri processi in termini di servizio al cliente, sostenibilit\u00e0, sicurezza e qualit\u00e0 dei prodotti. Non crediamo nei compromessi, perch\u00e9 solo la migliore qualit\u00e0 \u00e8 sufficiente per i nostri clienti.<\/p>\n<\/div><\/div>\n\n\n\n<div class=\"wp-block-chiefs-banner-brick\"><div class=\"wp-block-chiefs-banner-brick-column banner-body\" style=\"background-color:#d2c6bb\"><h3 class=\"wp-block-chiefs-banner-brick-title\" style=\"color:#31272E\">Certificazione <\/h3><div class=\"wp-block-button\"><a class=\"wp-block-button__link\" href=\"https:\/\/www.chiefslife.com\/it-eu\/ifs-broker\/\" target=\"_self\" rel=\"noopener\">Leggi ora<\/a><\/div><\/div><div class=\"wp-block-chiefs-banner-brick-column banner-image\" style=\"background-color:#d2c6bb\"><a class=\"wp-block-chiefs-banner-brick-image-link\" href=\"https:\/\/www.chiefslife.com\/it-eu\/ifs-broker\/\" target=\"_self\" rel=\"noopener\"><img decoding=\"async\" class=\"wp-block-chiefs-banner-brick-image wp-image-11600\" src=\"https:\/\/www.chiefslife.com\/it-ch\/wp-content\/uploads\/sites\/8\/2022\/10\/Audit_IFS-broker.jpg\" alt=\"Banner image\" sizes=\"(max-width: 768px) 100vw, 50vw\" \/><\/a><\/div><\/div>\n\n\n\n<div class=\"wp-block-chiefs-banner-brick\"><div class=\"wp-block-chiefs-banner-brick-column banner-image\" style=\"background-color:#98c469\"><a class=\"wp-block-chiefs-banner-brick-image-link\" href=\"https:\/\/www.chiefslife.com\/it-eu\/sostenibilita\/\" target=\"_self\" rel=\"noopener\"><img loading=\"lazy\" decoding=\"async\" width=\"1500\" height=\"1000\" class=\"wp-block-chiefs-banner-brick-image wp-image-12858\" src=\"https:\/\/www.chiefslife.com\/it-eu\/wp-content\/uploads\/sites\/10\/2023\/11\/Chiefs_Nachhaltigkeit.jpg\" alt=\"Banner image\" sizes=\"auto, (max-width: 768px) 100vw, 50vw\" srcset=\"https:\/\/www.chiefslife.com\/it-eu\/wp-content\/uploads\/sites\/10\/2023\/11\/Chiefs_Nachhaltigkeit.jpg 1500w, https:\/\/www.chiefslife.com\/it-eu\/wp-content\/uploads\/sites\/10\/2023\/11\/Chiefs_Nachhaltigkeit-300x200.jpg 300w, https:\/\/www.chiefslife.com\/it-eu\/wp-content\/uploads\/sites\/10\/2023\/11\/Chiefs_Nachhaltigkeit-1024x683.jpg 1024w, https:\/\/www.chiefslife.com\/it-eu\/wp-content\/uploads\/sites\/10\/2023\/11\/Chiefs_Nachhaltigkeit-768x512.jpg 768w, https:\/\/www.chiefslife.com\/it-eu\/wp-content\/uploads\/sites\/10\/2023\/11\/Chiefs_Nachhaltigkeit-336x224.jpg 336w, https:\/\/www.chiefslife.com\/it-eu\/wp-content\/uploads\/sites\/10\/2023\/11\/Chiefs_Nachhaltigkeit-800x533.jpg 800w\" \/><\/a><\/div><div class=\"wp-block-chiefs-banner-brick-column banner-body\" style=\"background-color:#98c469\"><h3 class=\"wp-block-chiefs-banner-brick-title\" style=\"color:#31272E\">Sostenibilit\u00e0 <\/h3><div class=\"wp-block-button\"><a class=\"wp-block-button__link\" href=\"https:\/\/www.chiefslife.com\/it-eu\/sostenibilita\/\" target=\"_self\" rel=\"noopener\">Leggi ora<\/a><\/div><\/div><\/div>\n\n\n\n<div class=\"wp-block-chiefs-banner-brick\"><div class=\"wp-block-chiefs-banner-brick-column banner-body\" style=\"background-color:#b3d9e9\"><h3 class=\"wp-block-chiefs-banner-brick-title\" style=\"color:#31272E\">Spreco alimentare <\/h3><div class=\"wp-block-button\"><a class=\"wp-block-button__link\" href=\"https:\/\/www.chiefslife.com\/it-eu\/spreco-alimentare\/\" target=\"_self\" rel=\"noopener\">Leggi ora<\/a><\/div><\/div><div class=\"wp-block-chiefs-banner-brick-column banner-image\" style=\"background-color:#b3d9e9\"><a class=\"wp-block-chiefs-banner-brick-image-link\" href=\"https:\/\/www.chiefslife.com\/it-eu\/spreco-alimentare\/\" target=\"_self\" rel=\"noopener\"><img loading=\"lazy\" decoding=\"async\" width=\"1500\" height=\"1000\" class=\"wp-block-chiefs-banner-brick-image wp-image-7885\" src=\"https:\/\/www.chiefslife.com\/it-ch\/wp-content\/uploads\/sites\/8\/2022\/01\/Chiefs_FoodWaste.jpg\" alt=\"Banner image\" sizes=\"auto, (max-width: 768px) 100vw, 50vw\" srcset=\"https:\/\/www.chiefslife.com\/it-eu\/wp-content\/uploads\/sites\/10\/2022\/01\/Chiefs_FoodWaste.jpg 1500w, https:\/\/www.chiefslife.com\/it-eu\/wp-content\/uploads\/sites\/10\/2022\/01\/Chiefs_FoodWaste-300x200.jpg 300w, https:\/\/www.chiefslife.com\/it-eu\/wp-content\/uploads\/sites\/10\/2022\/01\/Chiefs_FoodWaste-1024x683.jpg 1024w, https:\/\/www.chiefslife.com\/it-eu\/wp-content\/uploads\/sites\/10\/2022\/01\/Chiefs_FoodWaste-768x512.jpg 768w, https:\/\/www.chiefslife.com\/it-eu\/wp-content\/uploads\/sites\/10\/2022\/01\/Chiefs_FoodWaste-500x333.jpg 500w, https:\/\/www.chiefslife.com\/it-eu\/wp-content\/uploads\/sites\/10\/2022\/01\/Chiefs_FoodWaste-800x533.jpg 800w, https:\/\/www.chiefslife.com\/it-eu\/wp-content\/uploads\/sites\/10\/2022\/01\/Chiefs_FoodWaste-1280x853.jpg 1280w, https:\/\/www.chiefslife.com\/it-eu\/wp-content\/uploads\/sites\/10\/2022\/01\/Chiefs_FoodWaste-336x224.jpg 336w\" \/><\/a><\/div><\/div>\n\n\n\n<p><\/p>\n\n\n\n<p><\/p>\n","protected":false},"excerpt":{"rendered":"<p>Qualit\u00e0 La qualit\u00e0 prima di tutto, sempre. Chiefs\u00ae si impegna a stabilire gli standard di qualit\u00e0 pi\u00f9 elevati lungo l&#8217;intera catena di fornitura. Non solo aderiamo a vari standard industriali, ma ottimizziamo continuamente i nostri processi in termini di servizio al cliente, sostenibilit\u00e0, sicurezza e qualit\u00e0 dei prodotti. Non crediamo nei compromessi, perch\u00e9 solo la [&hellip;]<\/p>\n","protected":false},"author":2,"featured_media":0,"parent":0,"menu_order":0,"comment_status":"closed","ping_status":"closed","template":"","meta":{"_acf_changed":false,"inline_featured_image":false,"footnotes":""},"class_list":["post-1121","page","type-page","status-publish","hentry"],"acf":[],"_links":{"self":[{"href":"https:\/\/www.chiefslife.com\/it-eu\/wp-json\/wp\/v2\/pages\/1121","targetHints":{"allow":["GET"]}}],"collection":[{"href":"https:\/\/www.chiefslife.com\/it-eu\/wp-json\/wp\/v2\/pages"}],"about":[{"href":"https:\/\/www.chiefslife.com\/it-eu\/wp-json\/wp\/v2\/types\/page"}],"author":[{"embeddable":true,"href":"https:\/\/www.chiefslife.com\/it-eu\/wp-json\/wp\/v2\/users\/2"}],"replies":[{"embeddable":true,"href":"https:\/\/www.chiefslife.com\/it-eu\/wp-json\/wp\/v2\/comments?post=1121"}],"version-history":[{"count":0,"href":"https:\/\/www.chiefslife.com\/it-eu\/wp-json\/wp\/v2\/pages\/1121\/revisions"}],"wp:attachment":[{"href":"https:\/\/www.chiefslife.com\/it-eu\/wp-json\/wp\/v2\/media?parent=1121"}],"curies":[{"name":"wp","href":"https:\/\/api.w.org\/{rel}","templated":true}]}}