{"id":15585,"date":"2026-01-22T16:30:38","date_gmt":"2026-01-22T15:30:38","guid":{"rendered":"https:\/\/www.chiefslife.com\/it-eu\/?page_id=15585"},"modified":"2026-01-22T16:30:40","modified_gmt":"2026-01-22T15:30:40","slug":"protein-chips","status":"publish","type":"page","link":"https:\/\/www.chiefslife.com\/it-eu\/protein-chips\/","title":{"rendered":"Protein Chips"},"content":{"rendered":"\n<h1 class=\"wp-block-heading has-text-align-center\">Protein Chips<\/h1>\n\n\n\n<p class=\"has-text-align-center has-body-1-font-size\">Hai sempre desiderato gustarti un intero pacchetto di patatine senza sensi di colpa? Grazie a Chiefs, ora \u00e8 possibile! Le nostre Protein Chips si distinguono per il loro gusto sensazionale e il 70% in meno di grassi. Ogni confezione offre anche 21g di proteine vegetali di alta qualit\u00e0. Le varianti Sweet Paprika e Sour Cream sono dei classici nei reparti delle patatine, ma la nostra versione le rende ancora pi\u00f9 ricche di gusto. Concediti il tuo snack rivoluzionario con il croccante che ami.<\/p>\n\n\n<style>\n    .wp-block-chiefs-column-brick {\n        display: flex;\n        flex-wrap: wrap;\n        justify-content: center;\n        gap: 20px;\n    }\n\n    .wp-block-chiefs-column-brick-title-link {\n        flex: 0 0 100%;\n        text-align: center;\n    }\n\n    .wp-block-chiefs-column-brick-column {\n        flex: 0 1 calc(33.333% - 14px);\n        text-align: center;\n    }\n\n    .wp-block-chiefs-column-brick-text {\n        text-align: center;\n    }\n\n    @media (max-width: 768px) {\n        .wp-block-chiefs-column-brick-column {\n            flex: 0 1 100%;\n        }\n    }\n<\/style>\n<div id=\"chiefs-column-block-block_446c68427783a69227e3798b7ee9e40a\" class=\"chiefs-column-block\">\n    <div class=\"wp-block-chiefs-column-brick  chiefs-brick\">\n                                <div class=\"wp-block-chiefs-column-brick-column\">\n                    <div class=\"wp-block-chiefs-column-brick-image-container\">\n                        <a href=\"\" target=\"_self\" rel=\"noopener\">\n                            <img loading=\"lazy\" decoding=\"async\" width=\"1000\" height=\"1000\" src=\"https:\/\/www.chiefslife.com\/it-eu\/wp-content\/uploads\/sites\/10\/2026\/01\/Chiefs_ProteinChips_SweetPaprika_front_shade.png\" class=\"wp-block-chiefs-column-brick-image wp-image-500\" alt=\"\" srcset=\"https:\/\/www.chiefslife.com\/it-eu\/wp-content\/uploads\/sites\/10\/2026\/01\/Chiefs_ProteinChips_SweetPaprika_front_shade.png 1000w, https:\/\/www.chiefslife.com\/it-eu\/wp-content\/uploads\/sites\/10\/2026\/01\/Chiefs_ProteinChips_SweetPaprika_front_shade-300x300.png 300w, https:\/\/www.chiefslife.com\/it-eu\/wp-content\/uploads\/sites\/10\/2026\/01\/Chiefs_ProteinChips_SweetPaprika_front_shade-150x150.png 150w, https:\/\/www.chiefslife.com\/it-eu\/wp-content\/uploads\/sites\/10\/2026\/01\/Chiefs_ProteinChips_SweetPaprika_front_shade-768x768.png 768w, https:\/\/www.chiefslife.com\/it-eu\/wp-content\/uploads\/sites\/10\/2026\/01\/Chiefs_ProteinChips_SweetPaprika_front_shade-336x336.png 336w, https:\/\/www.chiefslife.com\/it-eu\/wp-content\/uploads\/sites\/10\/2026\/01\/Chiefs_ProteinChips_SweetPaprika_front_shade-800x800.png 800w, https:\/\/www.chiefslife.com\/it-eu\/wp-content\/uploads\/sites\/10\/2026\/01\/Chiefs_ProteinChips_SweetPaprika_front_shade-100x100.png 100w\" sizes=\"auto, (max-width: 1000px) 100vw, 1000px\" \/>                        <\/a>\n                    <\/div>\n                    <a class=\"wp-block-chiefs-column-brick-text-link\" href=\"\" target=\"_self\" rel=\"noopener\">\n                        <h6 class=\"wp-block-chiefs-column-brick-text\">Sweet Paprika<\/h6>\n                    <\/a>\n                <\/div>\n                        <div class=\"wp-block-chiefs-column-brick-column\">\n                    <div class=\"wp-block-chiefs-column-brick-image-container\">\n                        <a href=\"\" target=\"_self\" rel=\"noopener\">\n                            <img loading=\"lazy\" decoding=\"async\" width=\"1000\" height=\"1000\" src=\"https:\/\/www.chiefslife.com\/it-eu\/wp-content\/uploads\/sites\/10\/2026\/01\/Chiefs_ProteinChips_SourCream_front_shade.png\" class=\"wp-block-chiefs-column-brick-image wp-image-500\" alt=\"\" srcset=\"https:\/\/www.chiefslife.com\/it-eu\/wp-content\/uploads\/sites\/10\/2026\/01\/Chiefs_ProteinChips_SourCream_front_shade.png 1000w, https:\/\/www.chiefslife.com\/it-eu\/wp-content\/uploads\/sites\/10\/2026\/01\/Chiefs_ProteinChips_SourCream_front_shade-300x300.png 300w, https:\/\/www.chiefslife.com\/it-eu\/wp-content\/uploads\/sites\/10\/2026\/01\/Chiefs_ProteinChips_SourCream_front_shade-150x150.png 150w, https:\/\/www.chiefslife.com\/it-eu\/wp-content\/uploads\/sites\/10\/2026\/01\/Chiefs_ProteinChips_SourCream_front_shade-768x768.png 768w, https:\/\/www.chiefslife.com\/it-eu\/wp-content\/uploads\/sites\/10\/2026\/01\/Chiefs_ProteinChips_SourCream_front_shade-336x336.png 336w, https:\/\/www.chiefslife.com\/it-eu\/wp-content\/uploads\/sites\/10\/2026\/01\/Chiefs_ProteinChips_SourCream_front_shade-800x800.png 800w, https:\/\/www.chiefslife.com\/it-eu\/wp-content\/uploads\/sites\/10\/2026\/01\/Chiefs_ProteinChips_SourCream_front_shade-100x100.png 100w\" sizes=\"auto, (max-width: 1000px) 100vw, 1000px\" \/>                        <\/a>\n                    <\/div>\n                    <a class=\"wp-block-chiefs-column-brick-text-link\" href=\"\" target=\"_self\" rel=\"noopener\">\n                        <h6 class=\"wp-block-chiefs-column-brick-text\">Sour Cream<\/h6>\n                    <\/a>\n                <\/div>\n            <\/div>\n<\/div>\n\n\n<style>\n    .chiefs-product-description-block {\n        max-width: 736px;\n        margin: 0 auto 1.5em auto;\n        padding: 0 20px;\n    }\n\n    .description-container {\n        transition: height 1s cubic-bezier(0.215, 0.610, 0.355, 1);\n        max-height: unset;\n    }\n\n    .description-container.hidden {\n        max-height: 0;\n        transition: height 1s cubic-bezier(0.215, 0.610, 0.355, 1);\n    }\n\n    .accordion .single-table .tab-content p {\n        margin-bottom: 0;\n    }\n\n    #expand-description {\n        cursor: pointer;\n        color: #001489;\n        transition: all .2s ease-in-out;\n    }\n\n    #expand-description:hover {\n        color: #88c434;\n    }\n\n    @media only screen and (max-width: 768px) {\n        .chiefs-product-description-block {\n            padding: 0;\n        }\n\n        .accordion.tabs .tab .tab-label::after {\n            min-width: 36px;\n            min-height: 36px;\n        }\n    }\n<\/style>\n\n\n<div id=\"chiefs-product-description-block-block_af7111f4a1317445c67af41931c7213a\" class=\"chiefs-product-description-block\" data-aos=\"fade\">\n\n\n    <h2>Patatine proteiche Chiefs<\/h2>\n\n    <p>Immergiti in un\u2019esperienza gustativa definitiva con le nostre patatine proteiche. Le varianti Sweet Paprika e Sour Cream sono vere e proprie bombe di gusto per un\u2019esperienza senza confronti. Che tu sia in viaggio o a casa in relax, queste patatine non offrono solo un\u2019opzione pi\u00f9 salutare, ma anche il perfetto crunch che amerai. Inoltre, le nostre patatine sono vegane, senza lattosio e non fritte. Regalati ora il meglio di entrambi i mondi: chips croccanti che deliziano il palato e contemporaneamente supportano il tuo apporto proteico.<\/p>\n\n    <div class=\"description-container\" id=\"hidden-description\" style=\"overflow: hidden\">\n        <div class=\"hidden-description__content\">\n                    <\/div>\n    <\/div>\n    \n        <span id=\"expand-description\" style=\"cursor: pointer\"><\/span>\n\n    \n    <h2 style=\"margin-top: 40px;\"> Domande frequenti <\/h2>\n\n    <div class=\"accordion tabs nutrition-tables\" style=\"margin-bottom: 40px;\">\n                    <div class=\"single-table tab\">\n                <input type=\"checkbox\">\n                <label class=\"tab-label\">\n                    <p class=\"title has-body-1-font-size\">70% in meno di grassi \u2013 Come \u00e8 possibile?<\/p>\n                <\/label>\n                <div class=\"tab-content\">\n                    <p>Le nostre Protein Chips non sono fritte, ma cotte in forno. Questo permette di risparmiare una grande quantit\u00e0 di grassi senza compromettere il gusto intenso.<\/p>\n                <\/div>\n            <\/div>\n                    <div class=\"single-table tab\">\n                <input type=\"checkbox\">\n                <label class=\"tab-label\">\n                    <p class=\"title has-body-1-font-size\">Come possono le patatine essere gustose nonostante contengano meno grassi?<\/p>\n                <\/label>\n                <div class=\"tab-content\">\n                    <p>Utilizziamo spezie di alta qualit\u00e0 e intensit\u00e0 per dare alle nostre Protein Chips il massimo del sapore. Le chips deliziose non devono per forza essere grasse.<\/p>\n                <\/div>\n            <\/div>\n                    <div class=\"single-table tab\">\n                <input type=\"checkbox\">\n                <label class=\"tab-label\">\n                    <p class=\"title has-body-1-font-size\">Qual \u00e8 la consistenza delle patatine?<\/p>\n                <\/label>\n                <div class=\"tab-content\">\n                    <p>Le Protein Chips di Chiefs sono croccanti e soddisfacenti. Il loro suono al morso ti regala un\u2019esperienza croccante unica, proprio come per le chips tradizionali.<\/p>\n                <\/div>\n            <\/div>\n                    <div class=\"single-table tab\">\n                <input type=\"checkbox\">\n                <label class=\"tab-label\">\n                    <p class=\"title has-body-1-font-size\">Dove vengono prodotte le patatine?<\/p>\n                <\/label>\n                <div class=\"tab-content\">\n                    <p>Quando \u00e8 possibile, preferiamo produrre le nostre Protein Chips in Svizzera, garantendo cos\u00ec la massima qualit\u00e0.<\/p>\n                <\/div>\n            <\/div>\n                    <div class=\"single-table tab\">\n                <input type=\"checkbox\">\n                <label class=\"tab-label\">\n                    <p class=\"title has-body-1-font-size\">Di cosa sono fatte le patatine?<\/p>\n                <\/label>\n                <div class=\"tab-content\">\n                    <p>Le nostre Protein Chips sono composte principalmente da proteine di piselli e lenticchie, unite a patate e riso.<\/p>\n                <\/div>\n            <\/div>\n                    <div class=\"single-table tab\">\n                <input type=\"checkbox\">\n                <label class=\"tab-label\">\n                    <p class=\"title has-body-1-font-size\">Come possono le patatine essere ad alto contenuto proteico?<\/p>\n                <\/label>\n                <div class=\"tab-content\">\n                    <p>Le nostre Protein Chips contengono proteine di piselli che costituiscono il 32% dell\u2019intero pacchetto e possono quindi essere definite \u00abHigh Protein\u00bb.<\/p>\n                <\/div>\n            <\/div>\n            <\/div>\n\n    <h2><\/h2>\n    <p><\/p>\n<\/div>\n\n\n<script>\n    const description = document.getElementById('hidden-description');\n    const expand = document.getElementById('expand-description');\n    const descriptionHeight = description.offsetHeight;\n\n            description.classList.add('hidden');\n\n        \/\/ description.style.height = 0;\n\n        expand.addEventListener(\"click\", function() {\n            if (!description.classList.contains('hidden')) {\n                description.classList.add('hidden');\n                this.textContent = 'Read more...';\n                \/\/ description.style.height = 0;\n            } else {\n                description.style.maxHeight = descriptionHeight;\n                description.classList.remove('hidden');\n                this.textContent = '';\n                \/\/ description.style.height = descriptionHeight;\n            }\n        });\n    \n    const accordion = document.querySelector('.accordion');\n    const tab = document.querySelector('.single-table');\n    const tablabel = document.getElementsByClassName('tab-label');\n\n    console.log(tab.children[2]);\n\n    for (var i = 0; i < tablabel.length; i++) {\n        tablabel[i].addEventListener(\"click\", function() {\n            var panel = this.nextElementSibling;\n            var checkbox = this.previousElementSibling;\n            if (!checkbox.checked) {\n                checkbox.setAttribute('checked', 'checked');\n            } else {\n                checkbox.removeAttribute('checked');\n            }\n\n        });\n    }\n<\/script>","protected":false},"excerpt":{"rendered":"<p>Protein Chips Hai sempre desiderato gustarti un intero pacchetto di patatine senza sensi di colpa? Grazie a Chiefs, ora \u00e8 possibile! Le nostre Protein Chips si distinguono per il loro gusto sensazionale e il 70% in meno di grassi. Ogni confezione offre anche 21g di proteine vegetali di alta qualit\u00e0. Le varianti Sweet Paprika e [&hellip;]<\/p>\n","protected":false},"author":6173,"featured_media":0,"parent":0,"menu_order":0,"comment_status":"closed","ping_status":"closed","template":"","meta":{"_acf_changed":false,"inline_featured_image":false,"footnotes":""},"class_list":["post-15585","page","type-page","status-publish","hentry"],"acf":[],"_links":{"self":[{"href":"https:\/\/www.chiefslife.com\/it-eu\/wp-json\/wp\/v2\/pages\/15585","targetHints":{"allow":["GET"]}}],"collection":[{"href":"https:\/\/www.chiefslife.com\/it-eu\/wp-json\/wp\/v2\/pages"}],"about":[{"href":"https:\/\/www.chiefslife.com\/it-eu\/wp-json\/wp\/v2\/types\/page"}],"author":[{"embeddable":true,"href":"https:\/\/www.chiefslife.com\/it-eu\/wp-json\/wp\/v2\/users\/6173"}],"replies":[{"embeddable":true,"href":"https:\/\/www.chiefslife.com\/it-eu\/wp-json\/wp\/v2\/comments?post=15585"}],"version-history":[{"count":1,"href":"https:\/\/www.chiefslife.com\/it-eu\/wp-json\/wp\/v2\/pages\/15585\/revisions"}],"predecessor-version":[{"id":15588,"href":"https:\/\/www.chiefslife.com\/it-eu\/wp-json\/wp\/v2\/pages\/15585\/revisions\/15588"}],"wp:attachment":[{"href":"https:\/\/www.chiefslife.com\/it-eu\/wp-json\/wp\/v2\/media?parent=15585"}],"curies":[{"name":"wp","href":"https:\/\/api.w.org\/{rel}","templated":true}]}}