{"id":2148,"date":"2021-04-24T10:21:09","date_gmt":"2021-04-24T08:21:09","guid":{"rendered":"https:\/\/www.chiefslife.com\/it-eu\/?page_id=2148"},"modified":"2024-04-12T13:26:25","modified_gmt":"2024-04-12T11:26:25","slug":"lavora-con-noi","status":"publish","type":"page","link":"https:\/\/www.chiefslife.com\/it-eu\/lavora-con-noi\/","title":{"rendered":"Lavora con noi"},"content":{"rendered":"\n<div class=\"wp-block-group\"><div class=\"wp-block-group__inner-container is-layout-flow wp-block-group-is-layout-flow\">\n<h1 class=\"wp-block-heading has-text-align-center\">Lavora con noi<\/h1>\n\n\n\n<p class=\"has-text-align-center\">Come societ\u00e0 svizzera innovativa ed emergente, ci appassiona lavorare con collaboratori soddisfatti, impegnati e motivati. Per questo motivo, Chiefs<sup>\u00ae<\/sup> ha creato un ambiente di lavoro dove prevale autodeterminazione, apprezzamento e promozione attiva dei talenti individuali.<\/p>\n<\/div><\/div>\n\n\n\n<div style=\"height:40px\" aria-hidden=\"true\" class=\"wp-block-spacer\"><\/div>\n\n\n\n<div class=\"wp-block-chiefs-banner-brick\"><div class=\"wp-block-chiefs-banner-brick-column banner-body\" style=\"background-color:#b3d9e9\"><h3 class=\"wp-block-chiefs-banner-brick-title\" style=\"color:#31272E\">Lifestyle <\/h3><p class=\"wp-block-chiefs-banner-brick-body has-body-1-font-size\" style=\"color:#31272E\">\u00c8 fondamentale per noi che tu possa sviluppare appieno il tuo potenziale con noi. Ci\u00f2 che ci unisce \u00e8 la passione per gli alimenti funzionali.<\/p><\/div><div class=\"wp-block-chiefs-banner-brick-column banner-body\" style=\"background-color:#e0dfe0\"><h3 class=\"wp-block-chiefs-banner-brick-title\" style=\"color:#31272E\">Sviluppo <\/h3><p class=\"wp-block-chiefs-banner-brick-body has-body-1-font-size\" style=\"color:#31272E\">Incentiviamo i tuoi talenti individuali e ti offriamo l\u2019opportunit\u00e0 di crescere personalmente, accademicamente e professionalmente.<\/p><\/div><\/div>\n\n\n\n<div class=\"wp-block-chiefs-banner-brick\"><div class=\"wp-block-chiefs-banner-brick-column banner-body\" style=\"background-color:#0D2E63\"><h3 class=\"wp-block-chiefs-banner-brick-title\" style=\"color:#FFF\">Salute <\/h3><p class=\"wp-block-chiefs-banner-brick-body has-body-1-font-size\" style=\"color:#FFF\">La tua salute \u00e8 importante per noi. Da noi potete usufruire del FITPASS (sport senza limiti) a condizioni speciali e vi sosteniamo anche finanziariamente nelle vostre attivit\u00e0 sportive individuali. Abbiamo anche un centro fitness in sede, molto frequentato dai nostri collaboratori.<\/p><\/div><div class=\"wp-block-chiefs-banner-brick-column banner-body\" style=\"background-color:#b3d9e9\"><h3 class=\"wp-block-chiefs-banner-brick-title\" style=\"color:#31272E\">Modelli di lavoro flessibili <\/h3><p class=\"wp-block-chiefs-banner-brick-body has-body-1-font-size\" style=\"color:#31272E\">Ti offriamo orari di lavoro flessibili, home office e la possibilit\u00e0 di lavorare a distanza. <\/p><\/div><\/div>\n\n\n\n<div class=\"wp-block-chiefs-banner-brick\"><div class=\"wp-block-chiefs-banner-brick-column banner-body\" style=\"background-color:#e0dfe0\"><h3 class=\"wp-block-chiefs-banner-brick-title\" style=\"color:#31272E\">Vacanze <\/h3><p class=\"wp-block-chiefs-banner-brick-body has-body-1-font-size\" style=\"color:#31272E\">Con noi hai diritto a cinque settimane di vacanza all\u2019anno. Per le avventure pi\u00f9 lunghe, vi offriamo la possibilit\u00e0 di prendere un congedo non retribuito. I giorni di ferie aumenteranno con il passare del tempo.<\/p><\/div><div class=\"wp-block-chiefs-banner-brick-column banner-body\" style=\"background-color:#0D2E63\"><h3 class=\"wp-block-chiefs-banner-brick-title\" style=\"color:#FFF\">Ristorazione <\/h3><p class=\"wp-block-chiefs-banner-brick-body has-body-1-font-size\" style=\"color:#FFF\">I nostri armadietti della cucina sono sempre ben forniti di prodotti Chiefs gratuiti. Caff\u00e8 e t\u00e8 sono inclusi, cos\u00ec come un accogliente salotto per socializzare.<\/p><\/div><\/div>\n\n\n\n<div class=\"wp-block-chiefs-banner-brick\"><div class=\"wp-block-chiefs-banner-brick-column banner-body\" style=\"background-color:#0D2E63\"><h3 class=\"wp-block-chiefs-banner-brick-title\" style=\"color:#FFF\">I prodotti <\/h3><p class=\"wp-block-chiefs-banner-brick-body has-body-1-font-size\" style=\"color:#FFF\">Offriamo interessanti sconti Family &amp; Friends per i tuoi cari, in modo che non tu non sia l\u2019unico a godere dei nostri deliziosi prodotti Chiefs.<\/p><\/div><div class=\"wp-block-chiefs-banner-brick-column banner-body\" style=\"background-color:#b3d9e9\"><h3 class=\"wp-block-chiefs-banner-brick-title\" style=\"color:#31272E\">Eventi  <\/h3><p class=\"wp-block-chiefs-banner-brick-body has-body-1-font-size\" style=\"color:#31272E\">Organizziamo regolarmente eventi divertenti per tutto il team, in cui sorprendiamo sempre i nostri colleghi in piccoli gruppi con qualcosa di nuovo.<\/p><\/div><\/div>\n\n\n\n<div style=\"height:80px\" aria-hidden=\"true\" class=\"wp-block-spacer\"><\/div>\n\n\n\n<h1 class=\"wp-block-heading has-text-align-center\">Posizioni aperte<\/h1>\n\n\n\n<p class=\"has-text-align-center has-ink-dark-color has-text-color\">Puoi trovare i nostri annunci di lavoro su <a rel=\"noreferrer noopener\" href=\"https:\/\/www.linkedin.com\/company\/chiefs-food\/jobs\/\" target=\"_blank\">LinkedIn<\/a>.<\/p>\n\n\n\n<p class=\"has-text-align-center has-ink-dark-color has-text-color\">Non riesci a trovare niente di adatto a te? Saremo comunque lieti di ricevere una candidatura spontanea all\u2019indirizzo di posta elettronica&nbsp;<a href=\"mailto:HR@chiefs.ch\" target=\"_blank\" rel=\"noreferrer noopener\">HR@chiefs.ch<\/a><\/p>\n\n\n\n<div style=\"height:60px\" aria-hidden=\"true\" class=\"wp-block-spacer\"><\/div>\n\n\n\n<p><\/p>\n","protected":false},"excerpt":{"rendered":"<p>Lavora con noi Come societ\u00e0 svizzera innovativa ed emergente, ci appassiona lavorare con collaboratori soddisfatti, impegnati e motivati. Per questo motivo, Chiefs\u00ae ha creato un ambiente di lavoro dove prevale autodeterminazione, apprezzamento e promozione attiva dei talenti individuali. Posizioni aperte Puoi trovare i nostri annunci di lavoro su LinkedIn. Non riesci a trovare niente di [&hellip;]<\/p>\n","protected":false},"author":11,"featured_media":0,"parent":0,"menu_order":0,"comment_status":"closed","ping_status":"closed","template":"","meta":{"_acf_changed":false,"inline_featured_image":false,"footnotes":""},"class_list":["post-2148","page","type-page","status-publish","hentry"],"acf":[],"_links":{"self":[{"href":"https:\/\/www.chiefslife.com\/it-eu\/wp-json\/wp\/v2\/pages\/2148","targetHints":{"allow":["GET"]}}],"collection":[{"href":"https:\/\/www.chiefslife.com\/it-eu\/wp-json\/wp\/v2\/pages"}],"about":[{"href":"https:\/\/www.chiefslife.com\/it-eu\/wp-json\/wp\/v2\/types\/page"}],"author":[{"embeddable":true,"href":"https:\/\/www.chiefslife.com\/it-eu\/wp-json\/wp\/v2\/users\/11"}],"replies":[{"embeddable":true,"href":"https:\/\/www.chiefslife.com\/it-eu\/wp-json\/wp\/v2\/comments?post=2148"}],"version-history":[{"count":0,"href":"https:\/\/www.chiefslife.com\/it-eu\/wp-json\/wp\/v2\/pages\/2148\/revisions"}],"wp:attachment":[{"href":"https:\/\/www.chiefslife.com\/it-eu\/wp-json\/wp\/v2\/media?parent=2148"}],"curies":[{"name":"wp","href":"https:\/\/api.w.org\/{rel}","templated":true}]}}