{"id":4461,"date":"2021-09-27T14:42:54","date_gmt":"2021-09-27T12:42:54","guid":{"rendered":"https:\/\/www.chiefslife.com\/it-eu\/?page_id=4461"},"modified":"2022-06-08T09:38:48","modified_gmt":"2022-06-08T07:38:48","slug":"politica-di-annullamento","status":"publish","type":"page","link":"https:\/\/www.chiefslife.com\/it-eu\/politica-di-annullamento\/","title":{"rendered":"Politica di annullamento"},"content":{"rendered":"\n<div class=\"wp-block-group\"><div class=\"wp-block-group__inner-container is-layout-flow wp-block-group-is-layout-flow\">\n<h1 class=\"wp-block-heading\">Politica di annullamento<\/h1>\n\n\n\n<p>Quale consumatore avete il diritto di revocare il presente contratto entro quattordici giorni senza dare motivazioni. Il periodo di recesso \u00e8 di quattordici giorni a partire dal giorno nel quale Voi o una terza persona da voi nominata e che non sia il trasportatore, abbia preso possesso della o delle merci.<\/p>\n\n\n\n<p>Per esercitare tale diritto di recesso, Lei (Tandego GmbH, Arndtstra\u00dfe 12, 79539 L\u00f6rrach, Germania, <a href=\"mailto:customer@tandego.com\">customer@tandego.com<\/a>, telefono: <a href=\"tel:+4976215880101\">+49 7621 5880 101<\/a>) deve informarci sulla Sua decisione di mettere fine al contratto tramite una chiara dichiarazione (a titolo di esempio. una lettera inviata a mezzo posta o e-mail) comunicandoci la vostra decisione di revocare il contratto. A tale scopo \u00e8 possibile utilizzare il modulo di cancellazione annesso, che tuttavia non \u00e8 prescritto.<\/p>\n\n\n\n<p>Per rispettare il periodo di revoca basta che inviate la notifica dell\u2019esercizio del diritto di revoca prima del periodo di cancellazione.<\/p>\n\n\n\n<h4 class=\"wp-block-heading\">Conseguenze della revoca<\/h4>\n\n\n\n<p>In caso di revoca di questo contratto da parte vostra, dobbiamo rimborsare tutti i pagamenti da voi ricevuti, compresi i costi di consegna (ad eccezione dei costi aggiuntivi dovuti al fatto che avete scelto un tipo di consegna diverso dalla consegna standard pi\u00f9 economica), da rimborsare senza indugio e al pi\u00f9 tardi entro quattordici giorni dal giorno in cui abbiamo ricevuto la vostra comunicazione relativa alla vostra revoca del contratto in corso. Per questa restituzione utilizzeremo lo stesso modo di pagamento da voi utilizzato in occasione della prima transazione, a meno che sia stato concordato espressamente un altro modo; in nessun caso vi verranno addebitate delle spese a seguito di questo rimborso. Possiamo rifiutare il rimborso fino al momento nel quale abbiamo recuperato le merci oppure fintanto che ci abbiate dimostrato che avete rinviato le merci, qualunque sia il metodo pi\u00f9 veloce.<\/p>\n\n\n\n<p>Le merci devono essere rinviate o consegnate immediatamente e in ogni caso entro quattordici giorni dalla data in cui ci avete informati della revoca del contratto, a Tandego GmbH, Arndtstra\u00dfe 12, 79539 L\u00f6rrach, Germania. Il termine \u00e8 rispettato se inviate le merci prima della scadenza dei quattordici giorni. I costi diretti della restituzione della merce saranno a vostro carico. Dovrete pagare per qualsiasi perdita di valore delle merci solo quando tale perdita di valore sia riconducibile al vostro trattamento delle stesse.<\/p>\n\n\n\n<h4 class=\"wp-block-heading\">Nessun diritto di revoca nel caso dei seguenti contratti<\/h4>\n\n\n\n<p>I contratti per la consegna di merci sigillate, che non sono adeguati alla restituzione per motivi di protezione della salute o igiene, e quando il loro sigillo \u00e8 stato rimosso dopo la consegna.<\/p>\n\n\n\n<h4 class=\"wp-block-heading\">Modulo di cancellazione del campione<\/h4>\n\n\n\n<p>Se volete revocare il presente contratto, vi invitiamo a rinviarci il presente formulario debitamente riempito.<\/p>\n\n\n\n<p>\u2013 Tramite lettera a: Tandego GmbH, Arndtstra\u00dfe 12, 79539 L\u00f6rrach, Deutschland<\/p>\n\n\n\n<p>\u2013 Tramite E-Mail a: <a href=\"mailto:customer@tandego.com\">customer@tandego.com<\/a><\/p>\n\n\n\n<p>\u2013 Con la presente revoco\/revochiamo (*) il contratto da me\/noi (*) concluso relativo all\u2019acquisto della seguente merce (*)\/alla fornitura del seguente servizio (*)<\/p>\n\n\n\n<p>\u2013 Ordinato il (*)\/Rocevuto il (*)<\/p>\n\n\n\n<p>\u2013 Nome del\/dei consumatore(i)<\/p>\n\n\n\n<p>\u2013 Indirizzo del\/dei consumatore(i)<\/p>\n\n\n\n<p>\u2013 Firma del\/dei consumatore\/(i) (solo per le comunicazioni cartacee)<\/p>\n\n\n\n<p>\u2013 Data<\/p>\n\n\n\n<p>(*) Cancellare ci\u00f2 che non \u00e8 applicabile.<\/p>\n<\/div><\/div>\n","protected":false},"excerpt":{"rendered":"<p>Politica di annullamento Quale consumatore avete il diritto di revocare il presente contratto entro quattordici giorni senza dare motivazioni. Il periodo di recesso \u00e8 di quattordici giorni a partire dal giorno nel quale Voi o una terza persona da voi nominata e che non sia il trasportatore, abbia preso possesso della o delle merci. Per [&hellip;]<\/p>\n","protected":false},"author":1,"featured_media":0,"parent":0,"menu_order":0,"comment_status":"closed","ping_status":"closed","template":"","meta":{"_acf_changed":false,"inline_featured_image":false,"footnotes":""},"class_list":["post-4461","page","type-page","status-publish","hentry"],"acf":[],"_links":{"self":[{"href":"https:\/\/www.chiefslife.com\/it-eu\/wp-json\/wp\/v2\/pages\/4461","targetHints":{"allow":["GET"]}}],"collection":[{"href":"https:\/\/www.chiefslife.com\/it-eu\/wp-json\/wp\/v2\/pages"}],"about":[{"href":"https:\/\/www.chiefslife.com\/it-eu\/wp-json\/wp\/v2\/types\/page"}],"author":[{"embeddable":true,"href":"https:\/\/www.chiefslife.com\/it-eu\/wp-json\/wp\/v2\/users\/1"}],"replies":[{"embeddable":true,"href":"https:\/\/www.chiefslife.com\/it-eu\/wp-json\/wp\/v2\/comments?post=4461"}],"version-history":[{"count":0,"href":"https:\/\/www.chiefslife.com\/it-eu\/wp-json\/wp\/v2\/pages\/4461\/revisions"}],"wp:attachment":[{"href":"https:\/\/www.chiefslife.com\/it-eu\/wp-json\/wp\/v2\/media?parent=4461"}],"curies":[{"name":"wp","href":"https:\/\/api.w.org\/{rel}","templated":true}]}}