{"id":556,"date":"2021-02-24T10:01:38","date_gmt":"2021-02-24T09:01:38","guid":{"rendered":"https:\/\/www.chiefslife.com\/it-eu\/?page_id=556"},"modified":"2024-08-15T12:59:25","modified_gmt":"2024-08-15T10:59:25","slug":"milk-protein-drinks","status":"publish","type":"page","link":"https:\/\/www.chiefslife.com\/it-eu\/milk-protein-drinks\/","title":{"rendered":"Protein Drinks"},"content":{"rendered":"\n<div class=\"wp-block-group\"><div class=\"wp-block-group__inner-container is-layout-flow wp-block-group-is-layout-flow\">\n<h1 class=\"wp-block-heading has-text-align-center\">Protein Drinks<\/h1>\n\n\n\n<p class=\"has-text-align-center has-body-1-font-size\">I benefici nutrizionali del latte, combinati con ingredienti di alta qualit\u00e0. Pratiche e incredibilmente deliziose: per gli atleti, chi \u00e8 attento alla salute e tutti coloro che apprezzano un gusto eccezionale. Tutti i Protein Drinks Chiefs<sup>\u00ae<\/sup> sono ricchi di proteine, senza zuccheri aggiunti, poveri di carboidrati e senza lattosio n\u00e9 glutine.<\/p>\n<\/div><\/div>\n\n\n\n<div class=\"wp-block-chiefs-column-brick\"><div class=\"wp-block-chiefs-column-brick-column\"><div class=\"wp-block-chiefs-column-brick-image-container\"><a href=\"https:\/\/www.chiefslife.com\/it-eu\/prodotto\/choco-mountain\/\" target=\"_self\" rel=\"noopener\"><img loading=\"lazy\" decoding=\"async\" width=\"1000\" height=\"1000\" class=\"wp-block-chiefs-column-brick-image wp-image-13772\" src=\"https:\/\/www.chiefslife.com\/it-eu\/wp-content\/uploads\/sites\/10\/2024\/07\/Chiefs_ProteinDrink_EU_ChocoMountain_front_shade.png\" alt=\"Column image\" sizes=\"auto, (max-width: 768px) 100vw, 25vw\" srcset=\"https:\/\/www.chiefslife.com\/it-eu\/wp-content\/uploads\/sites\/10\/2024\/07\/Chiefs_ProteinDrink_EU_ChocoMountain_front_shade.png 1000w, https:\/\/www.chiefslife.com\/it-eu\/wp-content\/uploads\/sites\/10\/2024\/07\/Chiefs_ProteinDrink_EU_ChocoMountain_front_shade-300x300.png 300w, https:\/\/www.chiefslife.com\/it-eu\/wp-content\/uploads\/sites\/10\/2024\/07\/Chiefs_ProteinDrink_EU_ChocoMountain_front_shade-150x150.png 150w, https:\/\/www.chiefslife.com\/it-eu\/wp-content\/uploads\/sites\/10\/2024\/07\/Chiefs_ProteinDrink_EU_ChocoMountain_front_shade-768x768.png 768w, https:\/\/www.chiefslife.com\/it-eu\/wp-content\/uploads\/sites\/10\/2024\/07\/Chiefs_ProteinDrink_EU_ChocoMountain_front_shade-336x336.png 336w, https:\/\/www.chiefslife.com\/it-eu\/wp-content\/uploads\/sites\/10\/2024\/07\/Chiefs_ProteinDrink_EU_ChocoMountain_front_shade-800x800.png 800w, https:\/\/www.chiefslife.com\/it-eu\/wp-content\/uploads\/sites\/10\/2024\/07\/Chiefs_ProteinDrink_EU_ChocoMountain_front_shade-100x100.png 100w\" \/><\/a><\/div><a class=\"wp-block-chiefs-column-brick-text-link\" href=\"https:\/\/www.chiefslife.com\/it-eu\/prodotto\/choco-mountain\/\" target=\"_self\" rel=\"noopener\"><h6 class=\"wp-block-chiefs-column-brick-text\">Choco Mountain<\/h6><\/a><\/div><div class=\"wp-block-chiefs-column-brick-column\"><div class=\"wp-block-chiefs-column-brick-image-container\"><a href=\"https:\/\/www.chiefslife.com\/it-eu\/prodotto\/vanilla-drive\/\" target=\"_self\" rel=\"noopener\"><img loading=\"lazy\" decoding=\"async\" width=\"1000\" height=\"1000\" class=\"wp-block-chiefs-column-brick-image wp-image-13777\" src=\"https:\/\/www.chiefslife.com\/it-eu\/wp-content\/uploads\/sites\/10\/2024\/07\/Chiefs_ProteinDrink_EU_VanillaDrive_front_shade.png\" alt=\"Column image\" sizes=\"auto, (max-width: 768px) 100vw, 25vw\" srcset=\"https:\/\/www.chiefslife.com\/it-eu\/wp-content\/uploads\/sites\/10\/2024\/07\/Chiefs_ProteinDrink_EU_VanillaDrive_front_shade.png 1000w, https:\/\/www.chiefslife.com\/it-eu\/wp-content\/uploads\/sites\/10\/2024\/07\/Chiefs_ProteinDrink_EU_VanillaDrive_front_shade-300x300.png 300w, https:\/\/www.chiefslife.com\/it-eu\/wp-content\/uploads\/sites\/10\/2024\/07\/Chiefs_ProteinDrink_EU_VanillaDrive_front_shade-150x150.png 150w, https:\/\/www.chiefslife.com\/it-eu\/wp-content\/uploads\/sites\/10\/2024\/07\/Chiefs_ProteinDrink_EU_VanillaDrive_front_shade-768x768.png 768w, https:\/\/www.chiefslife.com\/it-eu\/wp-content\/uploads\/sites\/10\/2024\/07\/Chiefs_ProteinDrink_EU_VanillaDrive_front_shade-336x336.png 336w, https:\/\/www.chiefslife.com\/it-eu\/wp-content\/uploads\/sites\/10\/2024\/07\/Chiefs_ProteinDrink_EU_VanillaDrive_front_shade-800x800.png 800w, https:\/\/www.chiefslife.com\/it-eu\/wp-content\/uploads\/sites\/10\/2024\/07\/Chiefs_ProteinDrink_EU_VanillaDrive_front_shade-100x100.png 100w\" \/><\/a><\/div><a class=\"wp-block-chiefs-column-brick-text-link\" href=\"https:\/\/www.chiefslife.com\/it-eu\/prodotto\/vanilla-drive\/\" target=\"_self\" rel=\"noopener\"><h6 class=\"wp-block-chiefs-column-brick-text\">Vanilla Drive<\/h6><\/a><\/div><div class=\"wp-block-chiefs-column-brick-column\"><div class=\"wp-block-chiefs-column-brick-image-container\"><a href=\"https:\/\/www.chiefslife.com\/it-eu\/prodotto\/strawberry\/\" target=\"_self\" rel=\"noopener\"><img loading=\"lazy\" decoding=\"async\" width=\"1000\" height=\"1000\" class=\"wp-block-chiefs-column-brick-image wp-image-13770\" src=\"https:\/\/www.chiefslife.com\/it-eu\/wp-content\/uploads\/sites\/10\/2024\/07\/Chiefs_ProteinDrink_EU_BerryFalls_front_shade.png\" alt=\"Column image\" sizes=\"auto, (max-width: 768px) 100vw, 25vw\" srcset=\"https:\/\/www.chiefslife.com\/it-eu\/wp-content\/uploads\/sites\/10\/2024\/07\/Chiefs_ProteinDrink_EU_BerryFalls_front_shade.png 1000w, https:\/\/www.chiefslife.com\/it-eu\/wp-content\/uploads\/sites\/10\/2024\/07\/Chiefs_ProteinDrink_EU_BerryFalls_front_shade-300x300.png 300w, https:\/\/www.chiefslife.com\/it-eu\/wp-content\/uploads\/sites\/10\/2024\/07\/Chiefs_ProteinDrink_EU_BerryFalls_front_shade-150x150.png 150w, https:\/\/www.chiefslife.com\/it-eu\/wp-content\/uploads\/sites\/10\/2024\/07\/Chiefs_ProteinDrink_EU_BerryFalls_front_shade-768x768.png 768w, https:\/\/www.chiefslife.com\/it-eu\/wp-content\/uploads\/sites\/10\/2024\/07\/Chiefs_ProteinDrink_EU_BerryFalls_front_shade-336x336.png 336w, https:\/\/www.chiefslife.com\/it-eu\/wp-content\/uploads\/sites\/10\/2024\/07\/Chiefs_ProteinDrink_EU_BerryFalls_front_shade-800x800.png 800w, https:\/\/www.chiefslife.com\/it-eu\/wp-content\/uploads\/sites\/10\/2024\/07\/Chiefs_ProteinDrink_EU_BerryFalls_front_shade-100x100.png 100w\" \/><\/a><\/div><a class=\"wp-block-chiefs-column-brick-text-link\" href=\"https:\/\/www.chiefslife.com\/it-eu\/prodotto\/strawberry\/\" target=\"_self\" rel=\"noopener\"><h6 class=\"wp-block-chiefs-column-brick-text\">Strawberry<\/h6><\/a><\/div><\/div>\n\n\n\n<div class=\"wp-block-chiefs-column-brick\"><div class=\"wp-block-chiefs-column-brick-column\"><div class=\"wp-block-chiefs-column-brick-image-container\"><a href=\"https:\/\/www.chiefslife.com\/it-eu\/prodotto\/banana-beach\/\" target=\"_self\" rel=\"noopener\"><img loading=\"lazy\" decoding=\"async\" width=\"1000\" height=\"1000\" class=\"wp-block-chiefs-column-brick-image wp-image-13768\" src=\"https:\/\/www.chiefslife.com\/it-eu\/wp-content\/uploads\/sites\/10\/2024\/07\/Chiefs_ProteinDrink_EU_BananaBeach_front_shade.png\" alt=\"Column image\" sizes=\"auto, (max-width: 768px) 100vw, 25vw\" srcset=\"https:\/\/www.chiefslife.com\/it-eu\/wp-content\/uploads\/sites\/10\/2024\/07\/Chiefs_ProteinDrink_EU_BananaBeach_front_shade.png 1000w, https:\/\/www.chiefslife.com\/it-eu\/wp-content\/uploads\/sites\/10\/2024\/07\/Chiefs_ProteinDrink_EU_BananaBeach_front_shade-300x300.png 300w, https:\/\/www.chiefslife.com\/it-eu\/wp-content\/uploads\/sites\/10\/2024\/07\/Chiefs_ProteinDrink_EU_BananaBeach_front_shade-150x150.png 150w, https:\/\/www.chiefslife.com\/it-eu\/wp-content\/uploads\/sites\/10\/2024\/07\/Chiefs_ProteinDrink_EU_BananaBeach_front_shade-768x768.png 768w, https:\/\/www.chiefslife.com\/it-eu\/wp-content\/uploads\/sites\/10\/2024\/07\/Chiefs_ProteinDrink_EU_BananaBeach_front_shade-336x336.png 336w, https:\/\/www.chiefslife.com\/it-eu\/wp-content\/uploads\/sites\/10\/2024\/07\/Chiefs_ProteinDrink_EU_BananaBeach_front_shade-800x800.png 800w, https:\/\/www.chiefslife.com\/it-eu\/wp-content\/uploads\/sites\/10\/2024\/07\/Chiefs_ProteinDrink_EU_BananaBeach_front_shade-100x100.png 100w\" \/><\/a><\/div><a class=\"wp-block-chiefs-column-brick-text-link\" href=\"https:\/\/www.chiefslife.com\/it-eu\/prodotto\/banana-beach\/\" target=\"_self\" rel=\"noopener\"><h6 class=\"wp-block-chiefs-column-brick-text\">Banana Beach<\/h6><\/a><\/div><div class=\"wp-block-chiefs-column-brick-column\"><div class=\"wp-block-chiefs-column-brick-image-container\"><a href=\"https:\/\/www.chiefslife.com\/it-eu\/prodotto\/coffee-county\/\" target=\"_self\" rel=\"noopener\"><img loading=\"lazy\" decoding=\"async\" width=\"1000\" height=\"1000\" class=\"wp-block-chiefs-column-brick-image wp-image-13774\" src=\"https:\/\/www.chiefslife.com\/it-eu\/wp-content\/uploads\/sites\/10\/2024\/07\/Chiefs_ProteinDrink_EU_CoffeeCounty_front_shade.png\" alt=\"Column image\" sizes=\"auto, (max-width: 768px) 100vw, 25vw\" srcset=\"https:\/\/www.chiefslife.com\/it-eu\/wp-content\/uploads\/sites\/10\/2024\/07\/Chiefs_ProteinDrink_EU_CoffeeCounty_front_shade.png 1000w, https:\/\/www.chiefslife.com\/it-eu\/wp-content\/uploads\/sites\/10\/2024\/07\/Chiefs_ProteinDrink_EU_CoffeeCounty_front_shade-300x300.png 300w, https:\/\/www.chiefslife.com\/it-eu\/wp-content\/uploads\/sites\/10\/2024\/07\/Chiefs_ProteinDrink_EU_CoffeeCounty_front_shade-150x150.png 150w, https:\/\/www.chiefslife.com\/it-eu\/wp-content\/uploads\/sites\/10\/2024\/07\/Chiefs_ProteinDrink_EU_CoffeeCounty_front_shade-768x768.png 768w, https:\/\/www.chiefslife.com\/it-eu\/wp-content\/uploads\/sites\/10\/2024\/07\/Chiefs_ProteinDrink_EU_CoffeeCounty_front_shade-336x336.png 336w, https:\/\/www.chiefslife.com\/it-eu\/wp-content\/uploads\/sites\/10\/2024\/07\/Chiefs_ProteinDrink_EU_CoffeeCounty_front_shade-800x800.png 800w, https:\/\/www.chiefslife.com\/it-eu\/wp-content\/uploads\/sites\/10\/2024\/07\/Chiefs_ProteinDrink_EU_CoffeeCounty_front_shade-100x100.png 100w\" \/><\/a><\/div><a class=\"wp-block-chiefs-column-brick-text-link\" href=\"https:\/\/www.chiefslife.com\/it-eu\/prodotto\/coffee-county\/\" target=\"_self\" rel=\"noopener\"><h6 class=\"wp-block-chiefs-column-brick-text\">Caramel Macchiato<\/h6><\/a><\/div><\/div>\n\n\n\n<style>\n    .chiefs-product-description-block {\n        max-width: 736px;\n        margin: 0 auto 1.5em auto;\n        padding: 0 20px;\n    }\n\n    .description-container {\n        transition: height 1s cubic-bezier(0.215, 0.610, 0.355, 1);\n        max-height: unset;\n    }\n\n    .description-container.hidden {\n        max-height: 0;\n        transition: height 1s cubic-bezier(0.215, 0.610, 0.355, 1);\n    }\n\n    .accordion .single-table .tab-content p {\n        margin-bottom: 0;\n    }\n\n    #expand-description {\n        cursor: pointer;\n        color: #001489;\n        transition: all .2s ease-in-out;\n    }\n\n    #expand-description:hover {\n        color: #88c434;\n    }\n\n    @media only screen and (max-width: 768px) {\n        .chiefs-product-description-block {\n            padding: 0;\n        }\n\n        .accordion.tabs .tab .tab-label::after {\n            min-width: 36px;\n            min-height: 36px;\n        }\n    }\n<\/style>\n\n\n<div id=\"chiefs-product-description-block-block_795b4a72dab611f4103b997ce18dc87c\" class=\"chiefs-product-description-block\" data-aos=\"fade\">\n\n\n    <h2>Bevande proteiche Chiefs<\/h2>\n\n    <p>Come tutti gli sportivi professionisti, gli atleti e gli appassionati di palestra sanno, il nostro corpo ha bisogno di proteine per poter crescere e funzionare correttamente.<br \/>\r\n<br \/>\r\nSebbene, una dieta sana ed equilibrata fornisca di solito molte di queste proteine, non \u00e8 sempre facile seguirne una. La nostra vita moderna, insieme ai bisogni nutrizionali aggiuntivi di un esercizio intensivo, richiede ulteriori fonti di proteine da assumere quando siamo in giro.<br \/>\r\n<br \/>\r\nEd \u00e8 qui che entrano in gioco le nostre bevande proteiche al latte Chiefs.<\/p>\n\n    <div class=\"description-container\" id=\"hidden-description\" style=\"overflow: hidden\">\n        <div class=\"hidden-description__content\">\n            <h3>I benefici delle bevande proteiche<\/h3>\n<p>Atleti e frequentatori di palestra di tutto il mondo si affidano alle bevande proteiche per affrontare le loro routine quotidiane impegnative. Le bevande offrono molti vantaggi, tra cui:<\/p>\n<h4>Comodo spuntino a sorsi<\/h4>\n<p>Solitamente, gli snack sono commercializzati per la loro comodit\u00e0 prestando poca attenzione a ci\u00f2 che contengono. Invece di consumare bevande caloriche ad alto contenuto di zucchero, potrai soddisfare le tue voglie con una sana bevanda proteica al latte preconfezionata.<\/p>\n<p>\u00c8 tanto facile mettere nella borsa una o due delle nostre bevande proteiche Chiefs per l\u2019intera giornata. Chi ha detto che i cibi sani non possono essere cibi economici?<\/p>\n<h4>Alto contenuto proteico<\/h4>\n<p>Indipendentemente dal livello di forma fisica, il tuo corpo ha bisogno di proteine! Quindi, ci\u00f2 significa che devi passare la vita in cucina, preparando sempre pasti e spuntini che contengono proteine? Assolutamente no!<\/p>\n<p>I nostri frullati proteici non necessitano di alcuna preparazione. Basta aprirli, agitarli e gustarli! Sono una fonte proteica istantanea, che non necessita cottura o riscaldamento.<\/p>\n<h4>Sostituto del pasto<\/h4>\n<p>Contrariamente alle idee di tendenza, saltare i pasti non \u00e8 salutare. Se lo fai, non avrai l&#8217;energia necessaria per soddisfare le esigenze della tua giornata.<\/p>\n<p>Una scelta pi\u00f9 salutare \u00e8 quella della sostituzione dei soliti pasti grassi o carichi di carboidrati con un frullato proteico. Otterrai le proteine di cui il tuo corpo ha bisogno per aumentare la massa muscolare magra, perdendo al contempo i chili in eccesso. Anche se le bevande proteiche al latte Chiefs non sono un sostituto del pasto in quanto tale, sono un&#8217;ottima aggiunta a una dieta sana ed equilibrata, la scelta perfetta per quella piccola voglia di buono.<\/p>\n<h4>Energia liquida<\/h4>\n<p>Prendere uno spuntino quando si ha quel calo di energia a met\u00e0 giornata \u00e8 cos\u00ec allettante. Quando ti alleni, potresti aver voglia di qualcosa di diverso. Ce l&#8217;abbiamo! A volte hai solo bisogno di una bevanda rinfrescante e gustosa.<\/p>\n<p>Il problema con le \u00abbevande energetiche\u00bb che trovi in negozio \u00e8 che molte di esse non sono altro che bevande zuccherate arricchite con vitamine. Quello di cui hai bisogno sono le proteine per lo sviluppo muscolare e di pura energia durante una sessione in palestra. Se desideri offrire al tuo corpo ci\u00f2 di cui ha veramente bisogno, allora hai bisogno delle bevande proteiche Chiefs!<\/p>\n<h4>Alternativa ad altri frullati<\/h4>\n<p>Stai pensando di prendere un milkshake? Ripensaci. Il milkshake sar\u00e0 pi\u00f9 ricco di proteine rispetto ad una bevanda gassata, questo \u00e8 certo. Ma potrebbe essere ricco anche di altre cose indesiderate; come ad esempio zucchero e grassi in eccesso.<\/p>\n<p>I nostri frullati proteici sono una sana alternativa ai milkshake. Contengono proteine del latte molto concentrate, ma con meno grassi e senza zuccheri aggiunti! Perch\u00e9 avere un milkshake generico quando puoi nutrire il tuo corpo con un frullato proteico Chiefs?<\/p>\n<h3>E il mio bisogno di gusto?<\/h3>\n<p>Tutti desideriamo essere sani e in forma. Ma vogliamo anche sentire il gusto, vero? Puoi avere entrambe le cose!<\/p>\n<p>Le bevande proteiche preconfezionate di Chiefs sono formulate per darti una sferzata di energia e sapore e una a carica di proteine.<\/p>\n<p>Dai un&#8217;occhiata a questi sei fantastici gusti, garantiti per far impazzire le tue papille gustative:<\/p>\n<ul>\n<li><a href=\"https:\/\/www.chiefslife.com\/it-eu\/prodotto\/vanilla-drive\/\" target=\"_blank\" rel=\"noopener\">Vanilla Drive<\/a> \u2013 Tradizionale, ma mai noioso<\/li>\n<li><a href=\"https:\/\/www.chiefslife.com\/it-ch\/prodotto\/choco-mountain\/\" target=\"_blank\" rel=\"noopener\">Choco Mountain<\/a> \u2013 Porta il vostro bisogno di divertimento con il cacao a livelli superiori<\/li>\n<li><a href=\"https:\/\/www.chiefslife.com\/it-eu\/prodotto\/strawberry\/\" target=\"_blank\" rel=\"noopener\">Strawberry<\/a> \u2013 Un fruttato preferito per tutti<\/li>\n<li><a href=\"https:\/\/www.chiefslife.com\/it-eu\/prodotto\/banana-beach\/\" target=\"_blank\" rel=\"noopener\">Banana Beach<\/a> \u2013 Potere proteico con un&#8217;atmosfera tropicale<\/li>\n<li><a href=\"https:\/\/www.chiefslife.com\/it-eu\/prodotto\/coffee-county\/\" target=\"_blank\" rel=\"noopener\">Coffee County<\/a> \u2013 Il forte caff\u00e8 Arabica con un pizzico di caramello<\/li>\n<\/ul>\n<h3>Quali sono gli ingredienti di un frullato proteico preconfezionato?<\/h3>\n<p>Un frullato proteico preconfezionato sar\u00e0 normalmente a base di latte. \u00c8 la fonte pi\u00f9 comune di proteine liquide disponibili prontamente. Altri ingredienti possono essere aromi e dolcificanti.<\/p>\n<p>Tuttavia, un frullato proteico preconfezionato non \u00e8 uguale ad un milkshake, che \u00e8 semplicemente una bevanda a base di latte zuccherato, solitamente ricca di zuccheri.<\/p>\n<p>Le nostre bevande proteiche Chiefs da portare con s\u00e8 non contengono additivi nocivi o zuccheri aggiunti anche proteine del latte concentrate, per darti tutta la potenza proteica di cui hai bisogno con una sola porzione facile da bere.<\/p>\n<p>Non contengono n\u00e9 glutine n\u00e9 altri additivi non necessari come lo zucchero. E ora una buona notizia per le persone con intolleranza al lattosio, le nostre bevande proteiche preconfezionate Chiefs ne sono prive.<\/p>\n<h3>Il momento migliore per gustare i frullati proteici Chiefs<\/h3>\n<p>Ogni istante \u00e8 il momento migliore per goderti i frullati proteici Chiefs! Sono perfetti per qualsiasi stile di vita e regime di fitness, nonch\u00e9 per chi cerca un frullato delizioso senza carboidrati e zuccheri inutili. Come colazione veloce quando sei di fretta per una riunione, uno spuntino all\u2019universit\u00e0 o una rinfrescante dose di energia dopo l&#8217;allenamento in palestra.<\/p>\n<p>Poich\u00e9 non necessitano di preparazione, basta consumarla e continuare la giornata. Le nostre bevande sono l\u2019aggiunta perfetta alla nostra innovativa gamma di barrette proteiche e snack. Raffreddala, scuotila, gustala!<\/p>\n        <\/div>\n    <\/div>\n    \n        <span id=\"expand-description\" style=\"cursor: pointer\">Per saperne di pi\u00f9\u2026<\/span>\n\n    \n    <h2 style=\"margin-top: 40px;\"> Domande frequenti <\/h2>\n\n    <div class=\"accordion tabs nutrition-tables\" style=\"margin-bottom: 40px;\">\n                    <div class=\"single-table tab\">\n                <input type=\"checkbox\">\n                <label class=\"tab-label\">\n                    <p class=\"title has-body-1-font-size\">Le bevande proteiche preconfezionate sono vegane?<\/p>\n                <\/label>\n                <div class=\"tab-content\">\n                    <p>Alcune lo sono e altre no. \u00c8 necessario controllare le etichette degli ingredienti.<\/p>\n<p>&nbsp;<\/p>\n<p>A meno che non contengano derivati del latte, le bevande proteiche preconfezionate a base di soia sono vegane. Tuttavia, molte bevande proteiche sono a base di latte, in quanto il latte \u00e8 un&#8217;ottima fonte di proteine ed \u00e8 pi\u00f9 efficiente delle proteine vegetali.<\/p>\n                <\/div>\n            <\/div>\n                    <div class=\"single-table tab\">\n                <input type=\"checkbox\">\n                <label class=\"tab-label\">\n                    <p class=\"title has-body-1-font-size\">Qual \u00e8 la differenza tra le bevande proteiche preconfezionate e la propria preparazione del frullato di proteine al siero di latte?<\/p>\n                <\/label>\n                <div class=\"tab-content\">\n                    <p>Quando vi preparate da soli la vostra bevanda proteica, avete pi\u00f9 controllo sul procedimento. Ma ci vuole il tempo che non tutti hanno a disposizione. Ecco perch\u00e9, per la vostra massima comodit\u00e0, oltre alle nostre polveri proteiche al siero di latte, offriamo bevande proteiche preconfezionate e salutari. La maggior parte delle proteine in polvere sono anche a base di siero di latte, ma Chiefs utilizza solo proteine del latte di altissima qualit\u00e0 per le sue bevande proteiche pronte all&#8217;uso.<\/p>\n                <\/div>\n            <\/div>\n                    <div class=\"single-table tab\">\n                <input type=\"checkbox\">\n                <label class=\"tab-label\">\n                    <p class=\"title has-body-1-font-size\">Quante bevande proteiche posso bere al giorno?<\/p>\n                <\/label>\n                <div class=\"tab-content\">\n                    <p>Non esiste una regola rigida su quante bevande proteiche puoi bere in un giorno. Tante persone ne bevono due o tre al giorno, come sostituto del pasto, spuntino o per nutrimento supplementare. Come parte di una dieta sana ed equilibrata, ci\u00f2 va benissimo.<\/p>\n<p>&nbsp;<\/p>\n<p>Come regola generale, un adulto medio ha bisogno di circa 0,8\u20131 g di proteine per chilogrammo di peso corporeo al giorno. A seconda della quantit\u00e0 di esercizio fisico, il fabbisogno proteico pu\u00f2 essere molto pi\u00f9 elevato rispetto a questa raccomandazione.<\/p>\n<p>&nbsp;<\/p>\n<p>In un mondo perfetto, faremmo tutti pasti e bevande nutrienti nella nostra cucina da confezionare e trasportare a scuola, al lavoro e in palestra. Ma, viviamo nel mondo reale e, a volte, ci\u00f2 non \u00e8 possibile.<\/p>\n<p>&nbsp;<\/p>\n<p>Tuttavia, non \u00e8 necessario sacrificare il tuo bisogno. Inizia ad acquistare i tuoi frullati proteici Chiefs. Il tuo corpo ti ringrazier\u00e0!<\/p>\n                <\/div>\n            <\/div>\n            <\/div>\n\n    <h2><\/h2>\n    <p><\/p>\n<\/div>\n\n\n<script>\n    const description = document.getElementById('hidden-description');\n    const expand = document.getElementById('expand-description');\n    const descriptionHeight = description.offsetHeight;\n\n            description.classList.add('hidden');\n\n        \/\/ description.style.height = 0;\n\n        expand.addEventListener(\"click\", function() {\n            if (!description.classList.contains('hidden')) {\n                description.classList.add('hidden');\n                this.textContent = 'Read more...';\n                \/\/ description.style.height = 0;\n            } else {\n                description.style.maxHeight = descriptionHeight;\n                description.classList.remove('hidden');\n                this.textContent = '';\n                \/\/ description.style.height = descriptionHeight;\n            }\n        });\n    \n    const accordion = document.querySelector('.accordion');\n    const tab = document.querySelector('.single-table');\n    const tablabel = document.getElementsByClassName('tab-label');\n\n    console.log(tab.children[2]);\n\n    for (var i = 0; i < tablabel.length; i++) {\n        tablabel[i].addEventListener(\"click\", function() {\n            var panel = this.nextElementSibling;\n            var checkbox = this.previousElementSibling;\n            if (!checkbox.checked) {\n                checkbox.setAttribute('checked', 'checked');\n            } else {\n                checkbox.removeAttribute('checked');\n            }\n\n        });\n    }\n<\/script>","protected":false},"excerpt":{"rendered":"<p>Protein Drinks I benefici nutrizionali del latte, combinati con ingredienti di alta qualit\u00e0. Pratiche e incredibilmente deliziose: per gli atleti, chi \u00e8 attento alla salute e tutti coloro che apprezzano un gusto eccezionale. Tutti i Protein Drinks Chiefs\u00ae sono ricchi di proteine, senza zuccheri aggiunti, poveri di carboidrati e senza lattosio n\u00e9 glutine.<\/p>\n","protected":false},"author":2,"featured_media":0,"parent":0,"menu_order":0,"comment_status":"closed","ping_status":"closed","template":"","meta":{"_acf_changed":false,"inline_featured_image":false,"footnotes":""},"class_list":["post-556","page","type-page","status-publish","hentry"],"acf":[],"_links":{"self":[{"href":"https:\/\/www.chiefslife.com\/it-eu\/wp-json\/wp\/v2\/pages\/556","targetHints":{"allow":["GET"]}}],"collection":[{"href":"https:\/\/www.chiefslife.com\/it-eu\/wp-json\/wp\/v2\/pages"}],"about":[{"href":"https:\/\/www.chiefslife.com\/it-eu\/wp-json\/wp\/v2\/types\/page"}],"author":[{"embeddable":true,"href":"https:\/\/www.chiefslife.com\/it-eu\/wp-json\/wp\/v2\/users\/2"}],"replies":[{"embeddable":true,"href":"https:\/\/www.chiefslife.com\/it-eu\/wp-json\/wp\/v2\/comments?post=556"}],"version-history":[{"count":1,"href":"https:\/\/www.chiefslife.com\/it-eu\/wp-json\/wp\/v2\/pages\/556\/revisions"}],"predecessor-version":[{"id":14142,"href":"https:\/\/www.chiefslife.com\/it-eu\/wp-json\/wp\/v2\/pages\/556\/revisions\/14142"}],"wp:attachment":[{"href":"https:\/\/www.chiefslife.com\/it-eu\/wp-json\/wp\/v2\/media?parent=556"}],"curies":[{"name":"wp","href":"https:\/\/api.w.org\/{rel}","templated":true}]}}