{"id":606,"date":"2021-02-25T10:38:27","date_gmt":"2021-02-25T09:38:27","guid":{"rendered":"https:\/\/www.chiefslife.com\/it-eu\/?page_id=606"},"modified":"2026-04-06T09:26:46","modified_gmt":"2026-04-06T07:26:46","slug":"whey-protein","status":"publish","type":"page","link":"https:\/\/www.chiefslife.com\/it-eu\/whey-protein\/","title":{"rendered":"Whey Protein"},"content":{"rendered":"\n<div class=\"wp-block-group\"><div class=\"wp-block-group__inner-container is-layout-flow wp-block-group-is-layout-flow\">\n<h1 class=\"wp-block-heading has-text-align-center\">Whey Protein<\/h1>\n\n\n\n<p class=\"has-text-align-center has-body-1-font-size\">Le nostre proteine del siero di latte in polvere sono composte di proteine del siero di latte isolate e concentrate ad alto valore biologico, con elevato contenuto di BCAA e arricchite con vitamine e minerali.<\/p>\n<\/div><\/div>\n\n\n<style>\n    .wp-block-chiefs-column-brick {\n        display: flex;\n        flex-wrap: wrap;\n        justify-content: center;\n        gap: 20px;\n    }\n\n    .wp-block-chiefs-column-brick-title-link {\n        flex: 0 0 100%;\n        text-align: center;\n    }\n\n    .wp-block-chiefs-column-brick-column {\n        flex: 0 1 calc(33.333% - 14px);\n        text-align: center;\n    }\n\n    .wp-block-chiefs-column-brick-text {\n        text-align: center;\n    }\n\n    @media (max-width: 768px) {\n        .wp-block-chiefs-column-brick-column {\n            flex: 0 1 100%;\n        }\n    }\n<\/style>\n<div id=\"chiefs-column-block-block_da1a080b88496c9268561139b475c9ab\" class=\"chiefs-column-block\">\n    <div class=\"wp-block-chiefs-column-brick  chiefs-brick\">\n                                <div class=\"wp-block-chiefs-column-brick-column\">\n                    <div class=\"wp-block-chiefs-column-brick-image-container\">\n                        <a href=\"https:\/\/www.chiefslife.com\/it-eu\/prodotto\/chocolate-whey\/\" target=\"_self\" rel=\"noopener\">\n                            <img loading=\"lazy\" decoding=\"async\" width=\"2000\" height=\"2000\" src=\"https:\/\/www.chiefslife.com\/it-eu\/wp-content\/uploads\/sites\/10\/2025\/12\/Chiefs_ProteinPowder_New2025_Chocolate_Front.png\" class=\"wp-block-chiefs-column-brick-image wp-image-500\" alt=\"\" srcset=\"https:\/\/www.chiefslife.com\/it-eu\/wp-content\/uploads\/sites\/10\/2025\/12\/Chiefs_ProteinPowder_New2025_Chocolate_Front.png 2000w, https:\/\/www.chiefslife.com\/it-eu\/wp-content\/uploads\/sites\/10\/2025\/12\/Chiefs_ProteinPowder_New2025_Chocolate_Front-300x300.png 300w, https:\/\/www.chiefslife.com\/it-eu\/wp-content\/uploads\/sites\/10\/2025\/12\/Chiefs_ProteinPowder_New2025_Chocolate_Front-1024x1024.png 1024w, https:\/\/www.chiefslife.com\/it-eu\/wp-content\/uploads\/sites\/10\/2025\/12\/Chiefs_ProteinPowder_New2025_Chocolate_Front-150x150.png 150w, https:\/\/www.chiefslife.com\/it-eu\/wp-content\/uploads\/sites\/10\/2025\/12\/Chiefs_ProteinPowder_New2025_Chocolate_Front-768x768.png 768w, https:\/\/www.chiefslife.com\/it-eu\/wp-content\/uploads\/sites\/10\/2025\/12\/Chiefs_ProteinPowder_New2025_Chocolate_Front-1536x1536.png 1536w, https:\/\/www.chiefslife.com\/it-eu\/wp-content\/uploads\/sites\/10\/2025\/12\/Chiefs_ProteinPowder_New2025_Chocolate_Front-336x336.png 336w, https:\/\/www.chiefslife.com\/it-eu\/wp-content\/uploads\/sites\/10\/2025\/12\/Chiefs_ProteinPowder_New2025_Chocolate_Front-800x800.png 800w, https:\/\/www.chiefslife.com\/it-eu\/wp-content\/uploads\/sites\/10\/2025\/12\/Chiefs_ProteinPowder_New2025_Chocolate_Front-100x100.png 100w\" sizes=\"auto, (max-width: 2000px) 100vw, 2000px\" \/>                        <\/a>\n                    <\/div>\n                    <a class=\"wp-block-chiefs-column-brick-text-link\" href=\"https:\/\/www.chiefslife.com\/it-eu\/prodotto\/chocolate-whey\/\" target=\"_self\" rel=\"noopener\">\n                        <h6 class=\"wp-block-chiefs-column-brick-text\">Chocolate<\/h6>\n                    <\/a>\n                <\/div>\n                        <div class=\"wp-block-chiefs-column-brick-column\">\n                    <div class=\"wp-block-chiefs-column-brick-image-container\">\n                        <a href=\"https:\/\/www.chiefslife.com\/it-eu\/prodotto\/salty-caramel\/\" target=\"_self\" rel=\"noopener\">\n                            <img loading=\"lazy\" decoding=\"async\" width=\"600\" height=\"600\" src=\"https:\/\/www.chiefslife.com\/it-eu\/wp-content\/uploads\/sites\/10\/2026\/03\/Salty-caramel-whey.png\" class=\"wp-block-chiefs-column-brick-image wp-image-500\" alt=\"\" srcset=\"https:\/\/www.chiefslife.com\/it-eu\/wp-content\/uploads\/sites\/10\/2026\/03\/Salty-caramel-whey.png 600w, https:\/\/www.chiefslife.com\/it-eu\/wp-content\/uploads\/sites\/10\/2026\/03\/Salty-caramel-whey-300x300.png 300w, https:\/\/www.chiefslife.com\/it-eu\/wp-content\/uploads\/sites\/10\/2026\/03\/Salty-caramel-whey-150x150.png 150w, https:\/\/www.chiefslife.com\/it-eu\/wp-content\/uploads\/sites\/10\/2026\/03\/Salty-caramel-whey-336x336.png 336w, https:\/\/www.chiefslife.com\/it-eu\/wp-content\/uploads\/sites\/10\/2026\/03\/Salty-caramel-whey-100x100.png 100w\" sizes=\"auto, (max-width: 600px) 100vw, 600px\" \/>                        <\/a>\n                    <\/div>\n                    <a class=\"wp-block-chiefs-column-brick-text-link\" href=\"https:\/\/www.chiefslife.com\/it-eu\/prodotto\/salty-caramel\/\" target=\"_self\" rel=\"noopener\">\n                        <h6 class=\"wp-block-chiefs-column-brick-text\">Salty Caramel<\/h6>\n                    <\/a>\n                <\/div>\n                        <div class=\"wp-block-chiefs-column-brick-column\">\n                    <div class=\"wp-block-chiefs-column-brick-image-container\">\n                        <a href=\"https:\/\/www.chiefslife.com\/it-eu\/prodotto\/vanilla-whey\/\" target=\"_self\" rel=\"noopener\">\n                            <img loading=\"lazy\" decoding=\"async\" width=\"2000\" height=\"2000\" src=\"https:\/\/www.chiefslife.com\/it-eu\/wp-content\/uploads\/sites\/10\/2025\/12\/Chiefs_ProteinPowder_New2025_Vanilla_Front.png\" class=\"wp-block-chiefs-column-brick-image wp-image-500\" alt=\"\" srcset=\"https:\/\/www.chiefslife.com\/it-eu\/wp-content\/uploads\/sites\/10\/2025\/12\/Chiefs_ProteinPowder_New2025_Vanilla_Front.png 2000w, https:\/\/www.chiefslife.com\/it-eu\/wp-content\/uploads\/sites\/10\/2025\/12\/Chiefs_ProteinPowder_New2025_Vanilla_Front-300x300.png 300w, https:\/\/www.chiefslife.com\/it-eu\/wp-content\/uploads\/sites\/10\/2025\/12\/Chiefs_ProteinPowder_New2025_Vanilla_Front-1024x1024.png 1024w, https:\/\/www.chiefslife.com\/it-eu\/wp-content\/uploads\/sites\/10\/2025\/12\/Chiefs_ProteinPowder_New2025_Vanilla_Front-150x150.png 150w, https:\/\/www.chiefslife.com\/it-eu\/wp-content\/uploads\/sites\/10\/2025\/12\/Chiefs_ProteinPowder_New2025_Vanilla_Front-768x768.png 768w, https:\/\/www.chiefslife.com\/it-eu\/wp-content\/uploads\/sites\/10\/2025\/12\/Chiefs_ProteinPowder_New2025_Vanilla_Front-1536x1536.png 1536w, https:\/\/www.chiefslife.com\/it-eu\/wp-content\/uploads\/sites\/10\/2025\/12\/Chiefs_ProteinPowder_New2025_Vanilla_Front-336x336.png 336w, https:\/\/www.chiefslife.com\/it-eu\/wp-content\/uploads\/sites\/10\/2025\/12\/Chiefs_ProteinPowder_New2025_Vanilla_Front-800x800.png 800w, https:\/\/www.chiefslife.com\/it-eu\/wp-content\/uploads\/sites\/10\/2025\/12\/Chiefs_ProteinPowder_New2025_Vanilla_Front-100x100.png 100w\" sizes=\"auto, (max-width: 2000px) 100vw, 2000px\" \/>                        <\/a>\n                    <\/div>\n                    <a class=\"wp-block-chiefs-column-brick-text-link\" href=\"https:\/\/www.chiefslife.com\/it-eu\/prodotto\/vanilla-whey\/\" target=\"_self\" rel=\"noopener\">\n                        <h6 class=\"wp-block-chiefs-column-brick-text\">Vanilla<\/h6>\n                    <\/a>\n                <\/div>\n            <\/div>\n<\/div>\n\n\n<style>\n    .chiefs-product-description-block {\n        max-width: 736px;\n        margin: 0 auto 1.5em auto;\n        padding: 0 20px;\n    }\n\n    .description-container {\n        transition: height 1s cubic-bezier(0.215, 0.610, 0.355, 1);\n        max-height: unset;\n    }\n\n    .description-container.hidden {\n        max-height: 0;\n        transition: height 1s cubic-bezier(0.215, 0.610, 0.355, 1);\n    }\n\n    .accordion .single-table .tab-content p {\n        margin-bottom: 0;\n    }\n\n    #expand-description {\n        cursor: pointer;\n        color: #001489;\n        transition: all .2s ease-in-out;\n    }\n\n    #expand-description:hover {\n        color: #88c434;\n    }\n\n    @media only screen and (max-width: 768px) {\n        .chiefs-product-description-block {\n            padding: 0;\n        }\n\n        .accordion.tabs .tab .tab-label::after {\n            min-width: 36px;\n            min-height: 36px;\n        }\n    }\n<\/style>\n\n\n<div id=\"chiefs-product-description-block-block_17531ae09f6a6ee04524eb0b8e9704fd\" class=\"chiefs-product-description-block\" data-aos=\"fade\">\n\n\n    <h2>Proteine del siero di latte in polvere Chiefs<\/h2>\n\n    <p>Le bevande proteiche sono un modo comodo e gustoso di assumere la dose giornaliera di proteine. Le bevande preconfezionate non consentono di personalizzare i frullati a vostro piacimento. \u00c8 qui che entrano in gioco le proteine del siero di latte in polvere.<br \/>\r\n<br \/>\r\nLe proteine pure del siero di latte in polvere di Chief rendono ancora pi\u00f9 facile la preparazione dei frullati proteici sani in casa.<\/p>\n\n    <div class=\"description-container\" id=\"hidden-description\" style=\"overflow: hidden\">\n        <div class=\"hidden-description__content\">\n            <h2><span dir=\"auto\" style=\"vertical-align: inherit\"><span dir=\"auto\" style=\"vertical-align: inherit\">What is whey protein?<\/span><\/span><\/h2>\n<p><span dir=\"auto\" style=\"vertical-align: inherit\"><span dir=\"auto\" style=\"vertical-align: inherit\">You may have heard of whey protein without knowing what it actually is. Whey is a liquid that is separated from milk during the cheesemaking process.<\/span><\/span><\/p>\n<p><span dir=\"auto\" style=\"vertical-align: inherit\"><span dir=\"auto\" style=\"vertical-align: inherit\">Whey protein is the protein component of that by-product and is available in a variety of powdered forms.<\/span><\/span><\/p>\n<h2><span dir=\"auto\" style=\"vertical-align: inherit\"><span dir=\"auto\" style=\"vertical-align: inherit\">Types of Whey Protein<\/span><\/span><\/h2>\n<h4><span dir=\"auto\" style=\"vertical-align: inherit\"><span dir=\"auto\" style=\"vertical-align: inherit\">The concentrate<\/span><\/span><\/h4>\n<p><span dir=\"auto\" style=\"vertical-align: inherit\"><span dir=\"auto\" style=\"vertical-align: inherit\">The cheapest and most readily available type of whey protein is whey protein concentrate, which is the liquid component left over from the curd during the cheesemaking process. The liquid is dried, and that&#8217;s it: the resulting whey protein concentrate powder.<\/span><\/span><\/p>\n<p><span dir=\"auto\" style=\"vertical-align: inherit\"><span dir=\"auto\" style=\"vertical-align: inherit\">It&#8217;s primarily protein, with a very low carbohydrate content. It&#8217;s a common form of whey protein in healthy foods like protein drinks and protein bars.<\/span><\/span><\/p>\n<h4><span dir=\"auto\" style=\"vertical-align: inherit\"><span dir=\"auto\" style=\"vertical-align: inherit\">The block<\/span><\/span><\/h4>\n<p><span dir=\"auto\" style=\"vertical-align: inherit\"><span dir=\"auto\" style=\"vertical-align: inherit\">Whey protein isolate is a high-quality, ultra-refined source of whey protein. It&#8217;s made by further refining whey concentrate, ensuring a nutrient-dense profile with over 90% protein per serving. This additional filtration process produces extremely pure whey protein with little or no fat, carbohydrates, lactose, or cholesterol.<\/span><\/span><\/p>\n<h4><span dir=\"auto\" style=\"vertical-align: inherit\"><span dir=\"auto\" style=\"vertical-align: inherit\">The hydrolysate<\/span><\/span><\/h4>\n<p>L\u2019idrolizzato di proteine del siero di latte \u00e8 un isolato o concentrato di proteine del siero di latte che \u00e8 stato esposto a calore, enzimi o acidi per rompere alcuni dei legami amminici. Ci\u00f2 consente un assorbimento pi\u00f9 rapido e una digestione pi\u00f9 facile da parte dell\u2019organismo. Similmente all\u2019isolato di proteine del siero di latte, contiene oltre il 90% di proteine e contiene pochi grassi o \u00e8 privo di grassi, carboidrati o lattosio.<\/p>\n<h2>Cosa rende le proteine del siero di latte cos\u00ec speciali?<\/h2>\n<h4>La versatilit\u00e0<\/h4>\n<p>La versatilit\u00e0 \u00e8 parte del divertimento per la preparazione dei propri frullati proteici in casa. Per un frullato nutriente sar\u00e0 necessario solo aggiungere acqua, latte o un\u2019alternativa al latte vegetale alle nostre proteine del siero di latte.<\/p>\n<p>Ma perch\u00e9 fermarsi qui? Mescolate un po\u2019 e aggiungete altri ingredienti sani come purea di banana, frutta secca o crema di avocado.<\/p>\n<p>Siamo tutti incentrati sulla scelta e ci\u00f2 che mettete nei frullati proteici dipende solo da voi. Ricordatevi, tuttavia, che aggiungendo altri ingredienti, aggiungerete calorie, ma anche possibili grassi e zuccheri. Questa potrebbe essere la soluzione migliore se state cercando di rigenerarvi a seguito di un periodo stressante della vita e avete bisogno di calorie e densit\u00e0 di nutrienti supplementare. Non \u00e8 per\u00f2 consigliabile farlo durante una dieta a calorie controllate.<\/p>\n<p>Se state cercando ispirazione, date un\u2019occhiata alle nostre deliziose ricette. Tutte le ricette includono una guida dettagliata alla preparazione e anche tutti i valori nutrizionali.<\/p>\n<h4>Salute a tutto tondo<\/h4>\n<p>Le proteine del siero di latte sono una forma proteica di alta qualit\u00e0, che contiene aminoacidi essenziali necessari per una salute ottimale. E rispetto ad altre ricche fonti di proteine, normalmente \u00e8 facilmente digeribile.<\/p>\n<p>I vegetariani, che non utilizzano le proteine della carne, trarranno beneficio dalle proteine del siero di latte in polvere. Tuttavia, non \u00e8 adatto ai vegani, in quanto \u00e8 un derivato del latte. Altre fonti di proteine, come la soia, sarebbero scelte migliori per i vegani.<\/p>\n<h4>Indispensabile per atleti e culturisti<\/h4>\n<p>Avete bisogno di proteine per aumentare, mantenere e riparare i muscoli. E ne avete bisogno di pi\u00f9 rispetto alle persone che non si allenano tutti i giorni. La polvere di proteine del siero di latte pure di Chiefs \u00e8 una delle migliori fonti di proteine alimentari e ci\u00f2 la rende ottima per tutti gli appassionati di palestra e gli atleti con un maggiore bisogno di proteine.<\/p>\n<h4>Adatta a persone che vogliono perdere peso<\/h4>\n<p>\u00c8 anche la fonte proteica ideale\u00a0 per le persone che seguono una dieta dimagrante. Ci\u00f2 \u00e8 dovuto al fatto che le proteine del siero di latte sono altamente sazianti e possono aiutare a ridurre il desiderio di spuntini malsani. Con le proteine del siero di latte vi sentirete sazi pi\u00f9 a lungo.<\/p>\n<h4>Aumenta la funzione antiossidante<\/h4>\n<p>Avete sentito probabilmente parlare dell\u2019importanza degli antiossidanti nella dieta. Riducono lo stress ossidativo nel corpo e riducono il rischio di malattie croniche. Uno degli antiossidanti pi\u00f9 importanti, il glutatione, \u00e8 prodotto dal corpo. Tuttavia, la sua produzione si basa su una fornitura costante di aminoacidi, come la cisteina.<\/p>\n<p>Le proteine del siero di latte sono un alimento ad alto contenuto di cisteina e quindi svolgono un ruolo importante nella resistenza del nostro corpo alle malattie croniche attraverso la produzione di antiossidanti.<\/p>\n<h4>Si adatta a molte diete diverse<\/h4>\n<p>Le nostre polveri pure di siero di latte Chiefs non contengono zuccheri aggiunti. Quindi, se state seguendo una dieta a basso contenuto di zuccheri, potete assaporare deliziosi frullati proteici fatti in casa senza sgarrare la dieta.<\/p>\n<p>Non contengono nemmeno glutine, quindi le persone con intolleranza al glutine possono godersi felicemente le nostre polveri di proteine del siero di latte.<\/p>\n<h3>Assunzione e dosaggio del siero di latte puro Chiefs<\/h3>\n<p>Il dosaggio e l\u2019assunzione di proteine del siero di latte in polvere dipenderanno dal momento del vostro regime di allenamento.<\/p>\n<p>Siete attualmente nella fase di aumento della massa muscolare magra o di allenamento della forza? Trenta grammi di proteine in polvere due o tre volte al giorno saranno il dosaggio migliore.<\/p>\n<p>Se state usando proteine del siero di latte per altre routine di allenamento, o semplicemente come parte di una dieta sana, sar\u00e0 sufficiente assumerne la met\u00e0. Prendete spunto dalle esigenze dietetiche e dai livelli di attivit\u00e0.<\/p>\n<h3>Proteine del siero di latte per la costruzione muscolare, il mantenimento e la rigenerazione muscolare<\/h3>\n<p>Quando siete impegnati in un esercizio fisico regolare e intenso, il fabbisogno proteico del corpo aumenta. Le proteine del siero di latte pure di Chiefs sono uno dei modi migliori per soddisfare questo maggiore fabbisogno proteico.<\/p>\n<p>Le nostre polveri di proteine del siero di latte vantano un alto contenuto di BCAA, il che significa che contengono gli aminoacidi a catena ramificata essenziali per la crescita e il mantenimento muscolare.<\/p>\n<p>I frullati di proteine del siero di latte aumenteranno il metabolismo corporeo, trasformandolo in una macchina bruciagrassi durante l\u2019allenamento. Assumere una dose in post-allenamento aiuta anche ad accelerare il recupero, favorendo la riparazione muscolare.<\/p>\n<h3>Siero del late puro Chiefs: una fonte proteica deliziosa e nutriente<\/h3>\n<p>Le proteine del siero di latte in polvere Chiefs sono le migliori proteine del siero di latte disponibili sul mercato e sono essenziali per la salute di tutte le persone attive. Preparate frullati proteici gustosi e nutrienti da gustare a casa, da portare in palestra o da includere nel portapranzo per il lavoro o la scuola.<\/p>\n        <\/div>\n    <\/div>\n    \n        <span id=\"expand-description\" style=\"cursor: pointer\">Per saperne di pi\u00f9\u2026<\/span>\n\n    \n    <h2 style=\"margin-top: 40px;\"> Domande frequenti <\/h2>\n\n    <div class=\"accordion tabs nutrition-tables\" style=\"margin-bottom: 40px;\">\n                    <div class=\"single-table tab\">\n                <input type=\"checkbox\">\n                <label class=\"tab-label\">\n                    <p class=\"title has-body-1-font-size\">Quali sono le proteine del siero di latte migliori? <\/p>\n                <\/label>\n                <div class=\"tab-content\">\n                    <p>La polvere di proteine del siero di latte pure Chiefs \u00e8 una delle migliori proteine del siero di latte disponibili oggi sul mercato.<\/p>\n<p>&nbsp;<\/p>\n<p>Le nostre polveri di proteine del siero di latte sono costituite da isolati e concentrati di proteine del siero di latte di alto valore. Ci\u00f2 significa che i nostri prodotti sono convenienti e anche ricchi di nutrienti con un elevato contenuto proteico.<\/p>\n<p>&nbsp;<\/p>\n<p>Inoltre, le proteine del siero di latte pure Chiefs sono arricchite con le vitamine e i minerali necessari per una salute ottimale.<\/p>\n<p>&nbsp;<\/p>\n<p>Inoltre, le polveri di siero di latte Chiefs sono disponibili in due fantastici gusti, Cacao e Vaniglia. Ora non avete pi\u00f9 scuse per non prepararvi in casa frullati proteici sani e dal gusto delizioso. Mescolate con latte o acqua e godetevi una super dose di proteine dal sapore intenso, in pochi secondi!<\/p>\n                <\/div>\n            <\/div>\n                    <div class=\"single-table tab\">\n                <input type=\"checkbox\">\n                <label class=\"tab-label\">\n                    <p class=\"title has-body-1-font-size\">Qual \u00e8 il momento migliore per fornire all\u2019organismo le proteine del siero di latte?<\/p>\n                <\/label>\n                <div class=\"tab-content\">\n                    <h4>Prima e dopo un allenamento<\/h4>\n<p>Le proteine del siero di latte, come tutte le fonti proteiche, possono essere di grande beneficio prima e anche dopo un allenamento. Ci\u00f2 perch\u00e9 danno l\u2019energia per un allenamento e aiutano a nutrire e riparare i muscoli anche dopo l\u2019allenamento.<\/p>\n<p>Godetevi un frullato di proteine del siero di latte puro Chiefs 30-45 minuti prima di allenarvi. In alternativa, la prima mezz\u2019ora dopo un intenso allenamento \u00e8 il momento ideale per sorseggiare il frullato a base di proteine del siero di latte.<\/p>\n<p>&nbsp;<\/p>\n<h4>Come sferzata di energia al mattino<\/h4>\n<p>Questa eccellente forma di proteine fornisce anche una straordinaria carica di energia per la giornata a studenti, mamme impegnate e chiunque conduca uno stile di vita attivo.<\/p>\n<p>Similmente ad alcune bevande energetiche popolari sul mercato, anche i frullati a base di proteine del siero di latte Chiefs sono fortificati con vitamine e minerali.<\/p>\n<p>&nbsp;<\/p>\n<h4>Come sostituto del pasto in qualsiasi momento della giornata<\/h4>\n<p>I frullati di proteine del siero di latte sono ideali anche come sostituti dei pasti sani e sazianti in una dieta a basso contenuto calorico. Pertanto, potete gustarli in qualsiasi momento della giornata al posto di un pasto. E poich\u00e9 le proteine del siero di latte vi fanno sentire sazi, sarete in grado di resistere di pi\u00f9 a quegli spuntini di mezzanotte.<\/p>\n                <\/div>\n            <\/div>\n                    <div class=\"single-table tab\">\n                <input type=\"checkbox\">\n                <label class=\"tab-label\">\n                    <p class=\"title has-body-1-font-size\">Quali effetti collaterali possono verificarsi durante l\u2019assunzione di proteine del siero di latte?<\/p>\n                <\/label>\n                <div class=\"tab-content\">\n                    <p>Sono stati osservati alcuni effetti collaterali quando si utilizzano polveri di proteine del siero di latte. La maggior parte di questi effetti collaterali si riferiscono a disturbi digestivi, come gas in eccesso, gonfiore o diarrea. La ragione di ci\u00f2 \u00e8 che alcune persone non possono digerire le proteine del siero di latte.<\/p>\n<p>&nbsp;<\/p>\n<p>Se usate in modo responsabile e non consumate in eccesso, le proteine del siero di latte non provocano questi effetti a molte persone.<\/p>\n<p>&nbsp;<\/p>\n<p>Per valutare la vostra tolleranza alle proteine del siero di latte, iniziate con una dose inferiore e monitorate i progressi. Le proteine del siero di latte in polvere di Chiefs sono un prodotto puro e delicato.<\/p>\n<p>&nbsp;<\/p>\n<p>Gli effetti collaterali non sono sempre negativi e si \u00e8 scoperto che le proteine del siero di latte hanno un ottimo effetto collaterale, ossia possono aiutare a ridurre l\u2019infiammazione. L\u2019infiammazione \u00e8 una reazione corporea inevitabile ad un danno. Quando \u00e8 cronica, pu\u00f2 portare a tutti i tipi di problemi di salute debilitanti.<\/p>\n                <\/div>\n            <\/div>\n                    <div class=\"single-table tab\">\n                <input type=\"checkbox\">\n                <label class=\"tab-label\">\n                    <p class=\"title has-body-1-font-size\">Le proteine del siero di latte sono adatte anche alle donne?<\/p>\n                <\/label>\n                <div class=\"tab-content\">\n                    <p>Le proteine del siero di latte sono ottime per le donne! E non solo per le donne che si allenano. Le proteine del siero di latte contengono tutta una serie di benefici per la salute, che si applicano sia agli uomini che alle donne.<\/p>\n<p>&nbsp;<\/p>\n<p>Quindi, care signore che state mirando ad uno stile di vita pi\u00f9 sano, scolpire il proprio corpo o cercare di perdere quei chili in eccesso, le proteine del siero di latte possono aiutarvi!<\/p>\n                <\/div>\n            <\/div>\n            <\/div>\n\n    <h2><\/h2>\n    <p><\/p>\n<\/div>\n\n\n<script>\n    const description = document.getElementById('hidden-description');\n    const expand = document.getElementById('expand-description');\n    const descriptionHeight = description.offsetHeight;\n\n            description.classList.add('hidden');\n\n        \/\/ description.style.height = 0;\n\n        expand.addEventListener(\"click\", function() {\n            if (!description.classList.contains('hidden')) {\n                description.classList.add('hidden');\n                this.textContent = 'Read more...';\n                \/\/ description.style.height = 0;\n            } else {\n                description.style.maxHeight = descriptionHeight;\n                description.classList.remove('hidden');\n                this.textContent = '';\n                \/\/ description.style.height = descriptionHeight;\n            }\n        });\n    \n    const accordion = document.querySelector('.accordion');\n    const tab = document.querySelector('.single-table');\n    const tablabel = document.getElementsByClassName('tab-label');\n\n    console.log(tab.children[2]);\n\n    for (var i = 0; i < tablabel.length; i++) {\n        tablabel[i].addEventListener(\"click\", function() {\n            var panel = this.nextElementSibling;\n            var checkbox = this.previousElementSibling;\n            if (!checkbox.checked) {\n                checkbox.setAttribute('checked', 'checked');\n            } else {\n                checkbox.removeAttribute('checked');\n            }\n\n        });\n    }\n<\/script>","protected":false},"excerpt":{"rendered":"<p>Whey Protein Le nostre proteine del siero di latte in polvere sono composte di proteine del siero di latte isolate e concentrate ad alto valore biologico, con elevato contenuto di BCAA e arricchite con vitamine e minerali.<\/p>\n","protected":false},"author":2,"featured_media":0,"parent":0,"menu_order":0,"comment_status":"closed","ping_status":"closed","template":"","meta":{"_acf_changed":false,"inline_featured_image":false,"footnotes":""},"class_list":["post-606","page","type-page","status-publish","hentry"],"acf":[],"_links":{"self":[{"href":"https:\/\/www.chiefslife.com\/it-eu\/wp-json\/wp\/v2\/pages\/606","targetHints":{"allow":["GET"]}}],"collection":[{"href":"https:\/\/www.chiefslife.com\/it-eu\/wp-json\/wp\/v2\/pages"}],"about":[{"href":"https:\/\/www.chiefslife.com\/it-eu\/wp-json\/wp\/v2\/types\/page"}],"author":[{"embeddable":true,"href":"https:\/\/www.chiefslife.com\/it-eu\/wp-json\/wp\/v2\/users\/2"}],"replies":[{"embeddable":true,"href":"https:\/\/www.chiefslife.com\/it-eu\/wp-json\/wp\/v2\/comments?post=606"}],"version-history":[{"count":3,"href":"https:\/\/www.chiefslife.com\/it-eu\/wp-json\/wp\/v2\/pages\/606\/revisions"}],"predecessor-version":[{"id":15910,"href":"https:\/\/www.chiefslife.com\/it-eu\/wp-json\/wp\/v2\/pages\/606\/revisions\/15910"}],"wp:attachment":[{"href":"https:\/\/www.chiefslife.com\/it-eu\/wp-json\/wp\/v2\/media?parent=606"}],"curies":[{"name":"wp","href":"https:\/\/api.w.org\/{rel}","templated":true}]}}