{"id":4826,"date":"2021-09-29T16:04:19","date_gmt":"2021-09-29T14:04:19","guid":{"rendered":"https:\/\/www.chiefslife.com\/it-eu\/?post_type=product&#038;p=4826"},"modified":"2026-03-30T08:29:48","modified_gmt":"2026-03-30T06:29:48","slug":"protein-pudding-vanilla","status":"publish","type":"product","link":"https:\/\/www.chiefslife.com\/it-eu\/prodotto\/protein-pudding-vanilla\/","title":{"rendered":"Vanilla"},"content":{"rendered":"<p>SENZA LATTOSIO: Contenuto di lattosio &lt;0,1 g\/100 g<br \/>\nRICCO DI PROTEINE: 20 g di proteine \u200b\u200bper tazza<br \/>\nSENZA ZUCCHERI AGGIUNTI: Senza zuccheri aggiunti. Contiene zuccheri naturalmente presenti.<\/p>\n<p>A BASSO CONTENUTO DI CARBOIDRATI: 75% di carboidrati in meno rispetto a un prodotto comparabile.<\/p>\n<p>Budino senza lattosio con proteine \u200b\u200bdel latte e dolcificanti. Gusto vaniglia. UHT.<\/p>\n<p>Ingredienti: LATTE SCREMATO, 8,0% PROTEINE DEL LATTE, PANNA, addensanti: carragenina, gomma di cellulosa; aroma, amido modificato, colorante: concentrato di cartamo, lattasi, dolcificanti: acesulfame K, sucralosio<\/p>\n<p>Le proteine \u200b\u200bcontribuiscono alla costruzione e al mantenimento della massa muscolare.<\/p>\n<p>Prodotto in Germania.<\/p>\n","protected":false},"excerpt":{"rendered":"<p><em>Non disponibile online.<\/em> \u00a0 Un classico? S\u00ec! Noioso? Certo che no! Perch\u00e9 il nostro budino alla vaniglia \u00e8 delizioso proprio come il tuo dessert preferito.<\/p>\n","protected":false},"featured_media":15809,"template":"","meta":{"_acf_changed":false,"inline_featured_image":false},"product_brand":[],"product_cat":[164],"product_tag":[146,82,105,145],"class_list":{"0":"post-4826","1":"product","2":"type-product","3":"status-publish","4":"has-post-thumbnail","6":"product_cat-protein-pudding","7":"product_tag-high-protein","8":"product_tag-lower-carb","9":"product_tag-lactose-free","10":"product_tag-no-added-sugar","12":"first","13":"instock","14":"taxable","15":"shipping-taxable","16":"product-type-simple"},"acf":[],"tiered_pricing_type":"fixed","tiered_pricing_fixed_rules":[],"tiered_pricing_product_settings":{"layout":"default","base_unit_name":{"singular":null,"plural":null},"default_variation":null},"tiered_pricing_minimum_quantity":null,"tiered_pricing_roles_data":[],"tiered_pricing_percentage_rules":[],"_links":{"self":[{"href":"https:\/\/www.chiefslife.com\/it-eu\/wp-json\/wp\/v2\/product\/4826","targetHints":{"allow":["GET"]}}],"collection":[{"href":"https:\/\/www.chiefslife.com\/it-eu\/wp-json\/wp\/v2\/product"}],"about":[{"href":"https:\/\/www.chiefslife.com\/it-eu\/wp-json\/wp\/v2\/types\/product"}],"wp:featuredmedia":[{"embeddable":true,"href":"https:\/\/www.chiefslife.com\/it-eu\/wp-json\/wp\/v2\/media\/15809"}],"wp:attachment":[{"href":"https:\/\/www.chiefslife.com\/it-eu\/wp-json\/wp\/v2\/media?parent=4826"}],"wp:term":[{"taxonomy":"product_brand","embeddable":true,"href":"https:\/\/www.chiefslife.com\/it-eu\/wp-json\/wp\/v2\/product_brand?post=4826"},{"taxonomy":"product_cat","embeddable":true,"href":"https:\/\/www.chiefslife.com\/it-eu\/wp-json\/wp\/v2\/product_cat?post=4826"},{"taxonomy":"product_tag","embeddable":true,"href":"https:\/\/www.chiefslife.com\/it-eu\/wp-json\/wp\/v2\/product_tag?post=4826"}],"curies":[{"name":"wp","href":"https:\/\/api.w.org\/{rel}","templated":true}]}}